{"id":8710,"date":"2022-09-01T14:54:05","date_gmt":"2022-09-01T21:54:05","guid":{"rendered":"http:\/\/www.itaipbc.org.mx\/itaipBC-2019\/?page_id=8710"},"modified":"2023-10-05T14:37:06","modified_gmt":"2023-10-05T21:37:06","slug":"padron-pdp","status":"publish","type":"page","link":"https:\/\/www.itaipbc.org.mx\/itaipBC-2019\/padron-pdp\/","title":{"rendered":"Padr\u00f3n de Responsables de Datos Personales"},"content":{"rendered":"<p>[vc_section][vc_row content_placement=&#8221;top&#8221;][vc_column][vc_column_text]<\/p>\n<h1 style=\"padding-left: 40px; text-align: center;\">Padr\u00f3n de Responsables<\/h1>\n<p>[\/vc_column_text][vc_separator color=&#8221;custom&#8221; border_width=&#8221;4&#8243; el_width=&#8221;20&#8243; accent_color=&#8221;#059b97&#8243; css=&#8221;.vc_custom_1657563695364{margin-top: 50px !important;margin-bottom: 50px !important;}&#8221;][\/vc_column][\/vc_row][vc_row css=&#8221;.vc_custom_1580510424154{margin-top: 10px !important;margin-bottom: 30px !important;}&#8221;][vc_column width=&#8221;1\/2&#8243;][vc_column_text]<\/p>\n<p style=\"text-align: justify;\">Padr\u00f3n de Responsables, en t\u00e9rminos de la Ley de Protecci\u00f3n de Datos Personales en posesi\u00f3n de Sujetos Obligados para el Estado de Baja California.<\/p>\n<p>En caso de advertir informaci\u00f3n incorrecta o incompleta le solicitamos amablemente comunicarlo a la Coordinaci\u00f3n de protecci\u00f3n de datos personales, al tel\u00e9fono (664) 6 21 13 05 o bien, al correo electr\u00f3nico datospersonales@itaipbc.org.mx[\/vc_column_text][\/vc_column][vc_column width=&#8221;1\/2&#8243;][vc_single_image image=&#8221;7828&#8243; img_size=&#8221;450&#215;154&#8243;][\/vc_column][\/vc_row][\/vc_section][vc_section][vc_row full_width=&#8221;stretch_row&#8221; content_placement=&#8221;middle&#8221; css=&#8221;.vc_custom_1580872697532{padding-top: 30px !important;padding-bottom: 30px !important;background-color: #059b97 !important;}&#8221;][vc_column][\/vc_column][\/vc_row][vc_row gap=&#8221;10&#8243; equal_height=&#8221;yes&#8221; content_placement=&#8221;middle&#8221; css=&#8221;.vc_custom_1580924257136{margin-top: 30px !important;margin-bottom: 30px !important;}&#8221;][vc_column css=&#8221;.vc_custom_1580924309340{padding-bottom: 40px !important;}&#8221;][vc_raw_html el_id=&#8221;IframeSO&#8221;]JTNDaWZyYW1lJTIwc3JjJTNEJTIyaHR0cCUzQSUyRiUyRnd3dy5pdGFpcGJjLm9yZy5teCUyRmZpbGVzJTJGZGF0b3MlMjBwZXJzb25hbGVzJTJGUGFkcm9uLVBEUC5wZGYlMjIlMjBoZWlnaHQlM0QlMjI1MDAlMjUlMjIlMjB3aWR0aCUzRCUyMjUwMCUyNSUyMiUzRSUzQyUyRmlmcmFtZSUzRQ==[\/vc_raw_html][\/vc_column][\/vc_row][\/vc_section]<\/p>\n","protected":false},"excerpt":{"rendered":"<p>[vc_section][vc_row content_placement=&#8221;top&#8221;][vc_column][vc_column_text] Padr\u00f3n de Responsables [\/vc_column_text][vc_separator color=&#8221;custom&#8221; border_width=&#8221;4&#8243; el_width=&#8221;20&#8243; accent_color=&#8221;#059b97&#8243; css=&#8221;.vc_custom_1657563695364{margin-top: 50px !important;margin-bottom: 50px !important;}&#8221;][\/vc_column][\/vc_row][vc_row css=&#8221;.vc_custom_1580510424154{margin-top: 10px !important;margin-bottom: 30px !important;}&#8221;][vc_column width=&#8221;1\/2&#8243;][vc_column_text] Padr\u00f3n de Responsables, en t\u00e9rminos de la Ley de Protecci\u00f3n de Datos Personales en posesi\u00f3n de Sujetos Obligados para el Estado de Baja California. En caso de advertir informaci\u00f3n incorrecta o incompleta le solicitamos [&hellip;]<\/p>\n","protected":false},"author":11,"featured_media":0,"parent":0,"menu_order":0,"comment_status":"closed","ping_status":"closed","template":"","meta":{"footnotes":""},"class_list":["post-8710","page","type-page","status-publish","hentry"],"yoast_head":"<!-- This site is optimized with the Yoast SEO plugin v26.5 - https:\/\/yoast.com\/wordpress\/plugins\/seo\/ -->\n<title>Padr\u00f3n de Responsables de Datos Personales - ItaipBC<\/title>\n<meta name=\"robots\" content=\"index, follow, max-snippet:-1, max-image-preview:large, max-video-preview:-1\" \/>\n<link rel=\"canonical\" href=\"https:\/\/www.itaipbc.org.mx\/itaipBC-2019\/padron-pdp\/\" \/>\n<meta property=\"og:locale\" content=\"es_ES\" \/>\n<meta property=\"og:type\" content=\"article\" \/>\n<meta property=\"og:title\" content=\"Padr\u00f3n de Responsables de Datos Personales - ItaipBC\" \/>\n<meta property=\"og:description\" content=\"[vc_section][vc_row content_placement=&#8221;top&#8221;][vc_column][vc_column_text] Padr\u00f3n de Responsables [\/vc_column_text][vc_separator color=&#8221;custom&#8221; border_width=&#8221;4&#8243; el_width=&#8221;20&#8243; accent_color=&#8221;#059b97&#8243; css=&#8221;.vc_custom_1657563695364{margin-top: 50px !important;margin-bottom: 50px !important;}&#8221;][\/vc_column][\/vc_row][vc_row css=&#8221;.vc_custom_1580510424154{margin-top: 10px !important;margin-bottom: 30px !important;}&#8221;][vc_column width=&#8221;1\/2&#8243;][vc_column_text] Padr\u00f3n de Responsables, en t\u00e9rminos de la Ley de Protecci\u00f3n de Datos Personales en posesi\u00f3n de Sujetos Obligados para el Estado de Baja California. En caso de advertir informaci\u00f3n incorrecta o incompleta le solicitamos [&hellip;]\" \/>\n<meta property=\"og:url\" content=\"https:\/\/www.itaipbc.org.mx\/itaipBC-2019\/padron-pdp\/\" \/>\n<meta property=\"og:site_name\" content=\"ItaipBC\" \/>\n<meta property=\"article:modified_time\" content=\"2023-10-05T21:37:06+00:00\" \/>\n<meta name=\"twitter:card\" content=\"summary_large_image\" \/>\n<meta name=\"twitter:label1\" content=\"Tiempo de lectura\" \/>\n\t<meta name=\"twitter:data1\" content=\"1 minuto\" \/>\n<script type=\"application\/ld+json\" class=\"yoast-schema-graph\">{\"@context\":\"https:\/\/schema.org\",\"@graph\":[{\"@type\":\"WebPage\",\"@id\":\"https:\/\/www.itaipbc.org.mx\/itaipBC-2019\/padron-pdp\/\",\"url\":\"https:\/\/www.itaipbc.org.mx\/itaipBC-2019\/padron-pdp\/\",\"name\":\"Padr\u00f3n de Responsables de Datos Personales - ItaipBC\",\"isPartOf\":{\"@id\":\"https:\/\/www.itaipbc.org.mx\/itaipBC-2019\/#website\"},\"datePublished\":\"2022-09-01T21:54:05+00:00\",\"dateModified\":\"2023-10-05T21:37:06+00:00\",\"breadcrumb\":{\"@id\":\"https:\/\/www.itaipbc.org.mx\/itaipBC-2019\/padron-pdp\/#breadcrumb\"},\"inLanguage\":\"es\",\"potentialAction\":[{\"@type\":\"ReadAction\",\"target\":[\"https:\/\/www.itaipbc.org.mx\/itaipBC-2019\/padron-pdp\/\"]}]},{\"@type\":\"BreadcrumbList\",\"@id\":\"https:\/\/www.itaipbc.org.mx\/itaipBC-2019\/padron-pdp\/#breadcrumb\",\"itemListElement\":[{\"@type\":\"ListItem\",\"position\":1,\"name\":\"Portada\",\"item\":\"https:\/\/www.itaipbc.org.mx\/itaipBC-2019\/\"},{\"@type\":\"ListItem\",\"position\":2,\"name\":\"Padr\u00f3n de Responsables de Datos Personales\"}]},{\"@type\":\"WebSite\",\"@id\":\"https:\/\/www.itaipbc.org.mx\/itaipBC-2019\/#website\",\"url\":\"https:\/\/www.itaipbc.org.mx\/itaipBC-2019\/\",\"name\":\"ItaipBC\",\"description\":\"\",\"publisher\":{\"@id\":\"https:\/\/www.itaipbc.org.mx\/itaipBC-2019\/#organization\"},\"potentialAction\":[{\"@type\":\"SearchAction\",\"target\":{\"@type\":\"EntryPoint\",\"urlTemplate\":\"https:\/\/www.itaipbc.org.mx\/itaipBC-2019\/?s={search_term_string}\"},\"query-input\":{\"@type\":\"PropertyValueSpecification\",\"valueRequired\":true,\"valueName\":\"search_term_string\"}}],\"inLanguage\":\"es\"},{\"@type\":\"Organization\",\"@id\":\"https:\/\/www.itaipbc.org.mx\/itaipBC-2019\/#organization\",\"name\":\"Instituto de Transparencia Baja California\",\"url\":\"https:\/\/www.itaipbc.org.mx\/itaipBC-2019\/\",\"logo\":{\"@type\":\"ImageObject\",\"inLanguage\":\"es\",\"@id\":\"https:\/\/www.itaipbc.org.mx\/itaipBC-2019\/#\/schema\/logo\/image\/\",\"url\":\"http:\/\/www.itaipbc.org.mx\/itaipBC-2019\/wp-content\/uploads\/2020\/01\/ITAIPBC-Completo.png\",\"contentUrl\":\"http:\/\/www.itaipbc.org.mx\/itaipBC-2019\/wp-content\/uploads\/2020\/01\/ITAIPBC-Completo.png\",\"width\":750,\"height\":174,\"caption\":\"Instituto de Transparencia Baja California\"},\"image\":{\"@id\":\"https:\/\/www.itaipbc.org.mx\/itaipBC-2019\/#\/schema\/logo\/image\/\"}}]}<\/script>\n<!-- \/ Yoast SEO plugin. -->","yoast_head_json":{"title":"Padr\u00f3n de Responsables de Datos Personales - ItaipBC","robots":{"index":"index","follow":"follow","max-snippet":"max-snippet:-1","max-image-preview":"max-image-preview:large","max-video-preview":"max-video-preview:-1"},"canonical":"https:\/\/www.itaipbc.org.mx\/itaipBC-2019\/padron-pdp\/","og_locale":"es_ES","og_type":"article","og_title":"Padr\u00f3n de Responsables de Datos Personales - ItaipBC","og_description":"[vc_section][vc_row content_placement=&#8221;top&#8221;][vc_column][vc_column_text] Padr\u00f3n de Responsables [\/vc_column_text][vc_separator color=&#8221;custom&#8221; border_width=&#8221;4&#8243; el_width=&#8221;20&#8243; accent_color=&#8221;#059b97&#8243; css=&#8221;.vc_custom_1657563695364{margin-top: 50px !important;margin-bottom: 50px !important;}&#8221;][\/vc_column][\/vc_row][vc_row css=&#8221;.vc_custom_1580510424154{margin-top: 10px !important;margin-bottom: 30px !important;}&#8221;][vc_column width=&#8221;1\/2&#8243;][vc_column_text] Padr\u00f3n de Responsables, en t\u00e9rminos de la Ley de Protecci\u00f3n de Datos Personales en posesi\u00f3n de Sujetos Obligados para el Estado de Baja California. En caso de advertir informaci\u00f3n incorrecta o incompleta le solicitamos [&hellip;]","og_url":"https:\/\/www.itaipbc.org.mx\/itaipBC-2019\/padron-pdp\/","og_site_name":"ItaipBC","article_modified_time":"2023-10-05T21:37:06+00:00","twitter_card":"summary_large_image","twitter_misc":{"Tiempo de lectura":"1 minuto"},"schema":{"@context":"https:\/\/schema.org","@graph":[{"@type":"WebPage","@id":"https:\/\/www.itaipbc.org.mx\/itaipBC-2019\/padron-pdp\/","url":"https:\/\/www.itaipbc.org.mx\/itaipBC-2019\/padron-pdp\/","name":"Padr\u00f3n de Responsables de Datos Personales - ItaipBC","isPartOf":{"@id":"https:\/\/www.itaipbc.org.mx\/itaipBC-2019\/#website"},"datePublished":"2022-09-01T21:54:05+00:00","dateModified":"2023-10-05T21:37:06+00:00","breadcrumb":{"@id":"https:\/\/www.itaipbc.org.mx\/itaipBC-2019\/padron-pdp\/#breadcrumb"},"inLanguage":"es","potentialAction":[{"@type":"ReadAction","target":["https:\/\/www.itaipbc.org.mx\/itaipBC-2019\/padron-pdp\/"]}]},{"@type":"BreadcrumbList","@id":"https:\/\/www.itaipbc.org.mx\/itaipBC-2019\/padron-pdp\/#breadcrumb","itemListElement":[{"@type":"ListItem","position":1,"name":"Portada","item":"https:\/\/www.itaipbc.org.mx\/itaipBC-2019\/"},{"@type":"ListItem","position":2,"name":"Padr\u00f3n de Responsables de Datos Personales"}]},{"@type":"WebSite","@id":"https:\/\/www.itaipbc.org.mx\/itaipBC-2019\/#website","url":"https:\/\/www.itaipbc.org.mx\/itaipBC-2019\/","name":"ItaipBC","description":"","publisher":{"@id":"https:\/\/www.itaipbc.org.mx\/itaipBC-2019\/#organization"},"potentialAction":[{"@type":"SearchAction","target":{"@type":"EntryPoint","urlTemplate":"https:\/\/www.itaipbc.org.mx\/itaipBC-2019\/?s={search_term_string}"},"query-input":{"@type":"PropertyValueSpecification","valueRequired":true,"valueName":"search_term_string"}}],"inLanguage":"es"},{"@type":"Organization","@id":"https:\/\/www.itaipbc.org.mx\/itaipBC-2019\/#organization","name":"Instituto de Transparencia Baja California","url":"https:\/\/www.itaipbc.org.mx\/itaipBC-2019\/","logo":{"@type":"ImageObject","inLanguage":"es","@id":"https:\/\/www.itaipbc.org.mx\/itaipBC-2019\/#\/schema\/logo\/image\/","url":"http:\/\/www.itaipbc.org.mx\/itaipBC-2019\/wp-content\/uploads\/2020\/01\/ITAIPBC-Completo.png","contentUrl":"http:\/\/www.itaipbc.org.mx\/itaipBC-2019\/wp-content\/uploads\/2020\/01\/ITAIPBC-Completo.png","width":750,"height":174,"caption":"Instituto de Transparencia Baja California"},"image":{"@id":"https:\/\/www.itaipbc.org.mx\/itaipBC-2019\/#\/schema\/logo\/image\/"}}]}},"_links":{"self":[{"href":"https:\/\/www.itaipbc.org.mx\/itaipBC-2019\/wp-json\/wp\/v2\/pages\/8710","targetHints":{"allow":["GET"]}}],"collection":[{"href":"https:\/\/www.itaipbc.org.mx\/itaipBC-2019\/wp-json\/wp\/v2\/pages"}],"about":[{"href":"https:\/\/www.itaipbc.org.mx\/itaipBC-2019\/wp-json\/wp\/v2\/types\/page"}],"author":[{"embeddable":true,"href":"https:\/\/www.itaipbc.org.mx\/itaipBC-2019\/wp-json\/wp\/v2\/users\/11"}],"replies":[{"embeddable":true,"href":"https:\/\/www.itaipbc.org.mx\/itaipBC-2019\/wp-json\/wp\/v2\/comments?post=8710"}],"version-history":[{"count":3,"href":"https:\/\/www.itaipbc.org.mx\/itaipBC-2019\/wp-json\/wp\/v2\/pages\/8710\/revisions"}],"predecessor-version":[{"id":11140,"href":"https:\/\/www.itaipbc.org.mx\/itaipBC-2019\/wp-json\/wp\/v2\/pages\/8710\/revisions\/11140"}],"wp:attachment":[{"href":"https:\/\/www.itaipbc.org.mx\/itaipBC-2019\/wp-json\/wp\/v2\/media?parent=8710"}],"curies":[{"name":"wp","href":"https:\/\/api.w.org\/{rel}","templated":true}]}}