{"id":4323,"date":"2021-04-22T13:37:09","date_gmt":"2021-04-22T20:37:09","guid":{"rendered":"http:\/\/www.itaipbc.org.mx\/itaipBC-2019\/?page_id=4323"},"modified":"2025-05-12T14:58:17","modified_gmt":"2025-05-12T21:58:17","slug":"informacion-estadistica","status":"publish","type":"page","link":"https:\/\/www.itaipbc.org.mx\/itaipBC-2019\/informacion-estadistica\/","title":{"rendered":"Informaci\u00f3n Estad\u00edstica"},"content":{"rendered":"<p>[vc_row full_width=&#8221;stretch_row&#8221; css=&#8221;.vc_custom_1580526177224{margin-top: 90px !important;background-image: url(url(?id=) !important;}&#8221;][vc_column][vc_column_text]<\/p>\n<h1 style=\"text-align: center;\">Informaci\u00f3n Estad\u00edstica Sujetos Obligados<\/h1>\n<p>[\/vc_column_text][vc_column_text]<\/p>\n<h4 style=\"text-align: center;\"><span style=\"color: #000000;\">EJERCICIO 2025<\/span><\/h4>\n<p>[\/vc_column_text][vc_separator color=&#8221;custom&#8221; border_width=&#8221;3&#8243; el_width=&#8221;20&#8243; accent_color=&#8221;#059b97&#8243; css=&#8221;.vc_custom_1657244197667{margin-top: 25px !important;margin-bottom: 25px !important;}&#8221;][\/vc_column][\/vc_row][vc_row][vc_column][vc_empty_space][\/vc_column][\/vc_row][vc_row][vc_column][vc_column_text]<strong>Solicitudes<\/strong>[\/vc_column_text][\/vc_column][\/vc_row][vc_row][vc_column width=&#8221;1\/2&#8243;][vc_line_chart x_values=&#8221;&#8221; values=&#8221;%5B%7B%22title%22%3A%22Ayuntamiento%20de%20Tijuana%22%2C%22y_values%22%3A%2221%22%2C%22color%22%3A%22orange%22%2C%22custom_color%22%3A%22%235472d2%22%7D%2C%7B%22title%22%3A%22Ayuntamiento%20de%20Mexicali%22%2C%22y_values%22%3A%229%22%2C%22color%22%3A%22vista-blue%22%7D%2C%7B%22title%22%3A%22Ayuntamiento%20de%20Ensenada%22%2C%22y_values%22%3A%226%22%2C%22color%22%3A%22violet%22%2C%22custom_color%22%3A%22%23ff9900%22%7D%2C%7B%22title%22%3A%22Fiscal%C3%ADa%20General%20del%20Estado%20de%20Baja%20California%22%2C%22y_values%22%3A%220%22%2C%22color%22%3A%22pink%22%2C%22custom_color%22%3A%22%236dab3c%22%7D%2C%7B%22title%22%3A%22Poder%20Judicial%20del%20Estado%20de%20Baja%20California%22%2C%22y_values%22%3A%2212%22%2C%22color%22%3A%22purple%22%2C%22custom_color%22%3A%22%23f7be68%22%7D%5D&#8221; title=&#8221;Datos Personales&#8221;][vc_column_text]<strong>Total de Datos Personales<\/strong>[\/vc_column_text]<div class=\"sc_number\"><span class=\"sc_number_item\">1<\/span><span class=\"sc_number_item\">8<\/span><span class=\"sc_number_item\">3<\/span><\/div>[\/vc_column][vc_column width=&#8221;1\/2&#8243;][vc_line_chart x_values=&#8221;&#8221; values=&#8221;%5B%7B%22title%22%3A%22Ayuntamiento%20de%20Tijuana%22%2C%22y_values%22%3A%22485%22%2C%22color%22%3A%22orange%22%2C%22custom_color%22%3A%22%235472d2%22%7D%2C%7B%22title%22%3A%22Ayuntamiento%20de%20Mexicali%22%2C%22y_values%22%3A%22263%22%2C%22color%22%3A%22vista-blue%22%7D%2C%7B%22title%22%3A%22Ayuntamiento%20de%20Ensenada%22%2C%22y_values%22%3A%22225%22%2C%22color%22%3A%22violet%22%2C%22custom_color%22%3A%22%23ff9900%22%7D%2C%7B%22title%22%3A%22Fiscal%C3%ADa%20General%20del%20Estado%20de%20Baja%20California%22%2C%22y_values%22%3A%22224%22%2C%22color%22%3A%22pink%22%2C%22custom_color%22%3A%22%236dab3c%22%7D%2C%7B%22title%22%3A%22Poder%20Judicial%20del%20Estado%20de%20Baja%20California%22%2C%22y_values%22%3A%22171%22%2C%22color%22%3A%22purple%22%2C%22custom_color%22%3A%22%23f7be68%22%7D%5D&#8221; title=&#8221;Acceso a la Informaci\u00f3n P\u00fablica&#8221;][vc_column_text]<strong>Total de Solicitudes de Acceso a la Informaci\u00f3n P\u00fablica<\/strong>[\/vc_column_text]<div class=\"sc_number\"><span class=\"sc_number_item\">4<\/span><span class=\"sc_number_item\">7<\/span><span class=\"sc_number_item\">7<\/span><span class=\"sc_number_item\">8<\/span><\/div>[\/vc_column][vc_column][vc_column_text]<strong>Total General<\/strong>[\/vc_column_text]<div class=\"sc_number\"><span class=\"sc_number_item\">3<\/span><span class=\"sc_number_item\">5<\/span><span class=\"sc_number_item\">0<\/span><span class=\"sc_number_item\">8<\/span><\/div>[\/vc_column][\/vc_row][vc_row][vc_column][vc_empty_space][\/vc_column][\/vc_row][vc_row][vc_column width=&#8221;1\/2&#8243;][vc_column_text]<strong>Recursos de Revisi\u00f3n<\/strong>[\/vc_column_text][\/vc_column][vc_column width=&#8221;1\/2&#8243;][vc_column_text]<strong>Denuncias<\/strong>[\/vc_column_text][\/vc_column][\/vc_row][vc_row][vc_column width=&#8221;1\/2&#8243;][vc_line_chart x_values=&#8221;&#8221; values=&#8221;%5B%7B%22title%22%3A%22Poder%20Judicial%20del%20Estado%20de%20Baja%20California%22%2C%22y_values%22%3A%2235%22%2C%22color%22%3A%22grey%22%2C%22custom_color%22%3A%22%2300c1cf%22%7D%2C%7B%22title%22%3A%22Ayuntamiento%20de%20Tijuana%22%2C%22y_values%22%3A%2228%22%2C%22color%22%3A%22green%22%2C%22custom_color%22%3A%22%23cec2ab%22%7D%2C%7B%22title%22%3A%22Congreso%20del%20Estado%20de%20Baja%20California%22%2C%22y_values%22%3A%2225%22%2C%22color%22%3A%22mulled-wine%22%2C%22custom_color%22%3A%22%235472d2%22%7D%2C%7B%22title%22%3A%22Ayuntamiento%20de%20Ensenada%22%2C%22y_values%22%3A%2223%22%2C%22color%22%3A%22chino%22%2C%22custom_color%22%3A%22%23f4524d%22%7D%2C%7B%22title%22%3A%22Ayuntamiento%20de%20Mexicali%22%2C%22y_values%22%3A%2218%22%2C%22color%22%3A%22purple%22%2C%22custom_color%22%3A%22%2358b9da%22%7D%5D&#8221; title=&#8221;Sujetos Obligados con m\u00e1s Recursos de Revisi\u00f3n&#8221;][vc_column_text]<strong>Total de Recursos de Revi\u00f3n<\/strong>[\/vc_column_text]<div class=\"sc_number\"><span class=\"sc_number_item\">2<\/span><span class=\"sc_number_item\">9<\/span><span class=\"sc_number_item\">8<\/span><\/div>[\/vc_column][vc_column width=&#8221;1\/2&#8243;][vc_line_chart x_values=&#8221;&#8221; values=&#8221;%5B%7B%22title%22%3A%22Ayuntamiento%20de%20San%20Quint%C3%ADn%22%2C%22y_values%22%3A%224%22%2C%22color%22%3A%22purple%22%2C%22custom_color%22%3A%22%23555555%22%7D%2C%7B%22title%22%3A%22Auditor%C3%ADa%20Superior%20del%20Estado%20de%20Baja%20California%22%2C%22y_values%22%3A%223%22%2C%22color%22%3A%22juicy-pink%22%2C%22custom_color%22%3A%22%23f79468%22%7D%2C%7B%22title%22%3A%22Ayuntamiento%20de%20Tijuana%22%2C%22y_values%22%3A%223%22%2C%22color%22%3A%22pink%22%2C%22custom_color%22%3A%22%236dab3c%22%7D%2C%7B%22title%22%3A%22Secretaria%20de%20Econom%C3%ADa%20e%20Innovac%C3%B3n%22%2C%22y_values%22%3A%223%22%2C%22color%22%3A%22vista-blue%22%2C%22custom_color%22%3A%22%235472d2%22%7D%2C%7B%22title%22%3A%22Instituto%20de%20la%20Infraestructura%20F%C3%ADsica%20Educativa%20de%20Baja%20California%22%2C%22y_values%22%3A%222%22%2C%22color%22%3A%22sandy-brown%22%2C%22custom_color%22%3A%22%236ab165%22%7D%5D&#8221; title=&#8221;Sujetos Obligados con m\u00e1s Denuncias&#8221;][vc_column_text]<strong>Total de Solicitudes de Datos Personales<\/strong>[\/vc_column_text]<div class=\"sc_number\"><span class=\"sc_number_item\">3<\/span><span class=\"sc_number_item\">5<\/span><\/div>[\/vc_column][\/vc_row][vc_row][vc_column][vc_empty_space][\/vc_column][\/vc_row][vc_row][vc_column][vc_column_text]<\/p>\n<p style=\"text-align: center;\">\u00daltima Actualizaci\u00f3n 30 de Abril del 2025<\/p>\n<p>[\/vc_column_text][\/vc_column][\/vc_row]<\/p>\n","protected":false},"excerpt":{"rendered":"<p>[vc_row full_width=&#8221;stretch_row&#8221; css=&#8221;.vc_custom_1580526177224{margin-top: 90px !important;background-image: url(url(?id=) !important;}&#8221;][vc_column][vc_column_text] Informaci\u00f3n Estad\u00edstica Sujetos Obligados [\/vc_column_text][vc_column_text] EJERCICIO 2025 [\/vc_column_text][vc_separator color=&#8221;custom&#8221; border_width=&#8221;3&#8243; el_width=&#8221;20&#8243; accent_color=&#8221;#059b97&#8243; css=&#8221;.vc_custom_1657244197667{margin-top: 25px !important;margin-bottom: 25px !important;}&#8221;][\/vc_column][\/vc_row][vc_row][vc_column][vc_empty_space][\/vc_column][\/vc_row][vc_row][vc_column][vc_column_text]Solicitudes[\/vc_column_text][\/vc_column][\/vc_row][vc_row][vc_column width=&#8221;1\/2&#8243;][vc_line_chart x_values=&#8221;&#8221; values=&#8221;%5B%7B%22title%22%3A%22Ayuntamiento%20de%20Tijuana%22%2C%22y_values%22%3A%2221%22%2C%22color%22%3A%22orange%22%2C%22custom_color%22%3A%22%235472d2%22%7D%2C%7B%22title%22%3A%22Ayuntamiento%20de%20Mexicali%22%2C%22y_values%22%3A%229%22%2C%22color%22%3A%22vista-blue%22%7D%2C%7B%22title%22%3A%22Ayuntamiento%20de%20Ensenada%22%2C%22y_values%22%3A%226%22%2C%22color%22%3A%22violet%22%2C%22custom_color%22%3A%22%23ff9900%22%7D%2C%7B%22title%22%3A%22Fiscal%C3%ADa%20General%20del%20Estado%20de%20Baja%20California%22%2C%22y_values%22%3A%220%22%2C%22color%22%3A%22pink%22%2C%22custom_color%22%3A%22%236dab3c%22%7D%2C%7B%22title%22%3A%22Poder%20Judicial%20del%20Estado%20de%20Baja%20California%22%2C%22y_values%22%3A%2212%22%2C%22color%22%3A%22purple%22%2C%22custom_color%22%3A%22%23f7be68%22%7D%5D&#8221; title=&#8221;Datos Personales&#8221;][vc_column_text]Total de Datos Personales[\/vc_column_text][\/vc_column][vc_column width=&#8221;1\/2&#8243;][vc_line_chart x_values=&#8221;&#8221; values=&#8221;%5B%7B%22title%22%3A%22Ayuntamiento%20de%20Tijuana%22%2C%22y_values%22%3A%22485%22%2C%22color%22%3A%22orange%22%2C%22custom_color%22%3A%22%235472d2%22%7D%2C%7B%22title%22%3A%22Ayuntamiento%20de%20Mexicali%22%2C%22y_values%22%3A%22263%22%2C%22color%22%3A%22vista-blue%22%7D%2C%7B%22title%22%3A%22Ayuntamiento%20de%20Ensenada%22%2C%22y_values%22%3A%22225%22%2C%22color%22%3A%22violet%22%2C%22custom_color%22%3A%22%23ff9900%22%7D%2C%7B%22title%22%3A%22Fiscal%C3%ADa%20General%20del%20Estado%20de%20Baja%20California%22%2C%22y_values%22%3A%22224%22%2C%22color%22%3A%22pink%22%2C%22custom_color%22%3A%22%236dab3c%22%7D%2C%7B%22title%22%3A%22Poder%20Judicial%20del%20Estado%20de%20Baja%20California%22%2C%22y_values%22%3A%22171%22%2C%22color%22%3A%22purple%22%2C%22custom_color%22%3A%22%23f7be68%22%7D%5D&#8221; title=&#8221;Acceso a la Informaci\u00f3n P\u00fablica&#8221;][vc_column_text]Total de Solicitudes de Acceso a la Informaci\u00f3n P\u00fablica[\/vc_column_text][\/vc_column][vc_column][vc_column_text]Total General[\/vc_column_text][\/vc_column][\/vc_row][vc_row][vc_column][vc_empty_space][\/vc_column][\/vc_row][vc_row][vc_column width=&#8221;1\/2&#8243;][vc_column_text]Recursos de Revisi\u00f3n[\/vc_column_text][\/vc_column][vc_column width=&#8221;1\/2&#8243;][vc_column_text]Denuncias[\/vc_column_text][\/vc_column][\/vc_row][vc_row][vc_column width=&#8221;1\/2&#8243;][vc_line_chart x_values=&#8221;&#8221; [&hellip;]<\/p>\n","protected":false},"author":11,"featured_media":0,"parent":0,"menu_order":0,"comment_status":"closed","ping_status":"closed","template":"","meta":{"footnotes":""},"class_list":["post-4323","page","type-page","status-publish","hentry"],"yoast_head":"<!-- This site is optimized with the Yoast SEO plugin v26.5 - https:\/\/yoast.com\/wordpress\/plugins\/seo\/ -->\n<title>Informaci\u00f3n Estad\u00edstica - ItaipBC<\/title>\n<meta name=\"robots\" content=\"index, follow, max-snippet:-1, max-image-preview:large, max-video-preview:-1\" \/>\n<link rel=\"canonical\" href=\"https:\/\/www.itaipbc.org.mx\/itaipBC-2019\/informacion-estadistica\/\" \/>\n<meta property=\"og:locale\" content=\"es_ES\" \/>\n<meta property=\"og:type\" content=\"article\" \/>\n<meta property=\"og:title\" content=\"Informaci\u00f3n Estad\u00edstica - ItaipBC\" \/>\n<meta property=\"og:description\" content=\"[vc_row full_width=&#8221;stretch_row&#8221; css=&#8221;.vc_custom_1580526177224{margin-top: 90px !important;background-image: url(url(?id=) !important;}&#8221;][vc_column][vc_column_text] Informaci\u00f3n Estad\u00edstica Sujetos Obligados [\/vc_column_text][vc_column_text] EJERCICIO 2025 [\/vc_column_text][vc_separator color=&#8221;custom&#8221; border_width=&#8221;3&#8243; el_width=&#8221;20&#8243; accent_color=&#8221;#059b97&#8243; css=&#8221;.vc_custom_1657244197667{margin-top: 25px !important;margin-bottom: 25px !important;}&#8221;][\/vc_column][\/vc_row][vc_row][vc_column][vc_empty_space][\/vc_column][\/vc_row][vc_row][vc_column][vc_column_text]Solicitudes[\/vc_column_text][\/vc_column][\/vc_row][vc_row][vc_column width=&#8221;1\/2&#8243;][vc_line_chart x_values=&#8221;&#8221; values=&#8221;%5B%7B%22title%22%3A%22Ayuntamiento%20de%20Tijuana%22%2C%22y_values%22%3A%2221%22%2C%22color%22%3A%22orange%22%2C%22custom_color%22%3A%22%235472d2%22%7D%2C%7B%22title%22%3A%22Ayuntamiento%20de%20Mexicali%22%2C%22y_values%22%3A%229%22%2C%22color%22%3A%22vista-blue%22%7D%2C%7B%22title%22%3A%22Ayuntamiento%20de%20Ensenada%22%2C%22y_values%22%3A%226%22%2C%22color%22%3A%22violet%22%2C%22custom_color%22%3A%22%23ff9900%22%7D%2C%7B%22title%22%3A%22Fiscal%C3%ADa%20General%20del%20Estado%20de%20Baja%20California%22%2C%22y_values%22%3A%220%22%2C%22color%22%3A%22pink%22%2C%22custom_color%22%3A%22%236dab3c%22%7D%2C%7B%22title%22%3A%22Poder%20Judicial%20del%20Estado%20de%20Baja%20California%22%2C%22y_values%22%3A%2212%22%2C%22color%22%3A%22purple%22%2C%22custom_color%22%3A%22%23f7be68%22%7D%5D&#8221; title=&#8221;Datos Personales&#8221;][vc_column_text]Total de Datos Personales[\/vc_column_text][\/vc_column][vc_column width=&#8221;1\/2&#8243;][vc_line_chart x_values=&#8221;&#8221; values=&#8221;%5B%7B%22title%22%3A%22Ayuntamiento%20de%20Tijuana%22%2C%22y_values%22%3A%22485%22%2C%22color%22%3A%22orange%22%2C%22custom_color%22%3A%22%235472d2%22%7D%2C%7B%22title%22%3A%22Ayuntamiento%20de%20Mexicali%22%2C%22y_values%22%3A%22263%22%2C%22color%22%3A%22vista-blue%22%7D%2C%7B%22title%22%3A%22Ayuntamiento%20de%20Ensenada%22%2C%22y_values%22%3A%22225%22%2C%22color%22%3A%22violet%22%2C%22custom_color%22%3A%22%23ff9900%22%7D%2C%7B%22title%22%3A%22Fiscal%C3%ADa%20General%20del%20Estado%20de%20Baja%20California%22%2C%22y_values%22%3A%22224%22%2C%22color%22%3A%22pink%22%2C%22custom_color%22%3A%22%236dab3c%22%7D%2C%7B%22title%22%3A%22Poder%20Judicial%20del%20Estado%20de%20Baja%20California%22%2C%22y_values%22%3A%22171%22%2C%22color%22%3A%22purple%22%2C%22custom_color%22%3A%22%23f7be68%22%7D%5D&#8221; title=&#8221;Acceso a la Informaci\u00f3n P\u00fablica&#8221;][vc_column_text]Total de Solicitudes de Acceso a la Informaci\u00f3n P\u00fablica[\/vc_column_text][\/vc_column][vc_column][vc_column_text]Total General[\/vc_column_text][\/vc_column][\/vc_row][vc_row][vc_column][vc_empty_space][\/vc_column][\/vc_row][vc_row][vc_column width=&#8221;1\/2&#8243;][vc_column_text]Recursos de Revisi\u00f3n[\/vc_column_text][\/vc_column][vc_column width=&#8221;1\/2&#8243;][vc_column_text]Denuncias[\/vc_column_text][\/vc_column][\/vc_row][vc_row][vc_column width=&#8221;1\/2&#8243;][vc_line_chart x_values=&#8221;&#8221; [&hellip;]\" \/>\n<meta property=\"og:url\" content=\"https:\/\/www.itaipbc.org.mx\/itaipBC-2019\/informacion-estadistica\/\" \/>\n<meta property=\"og:site_name\" content=\"ItaipBC\" \/>\n<meta property=\"article:modified_time\" content=\"2025-05-12T21:58:17+00:00\" \/>\n<meta name=\"twitter:card\" content=\"summary_large_image\" \/>\n<meta name=\"twitter:label1\" content=\"Tiempo de lectura\" \/>\n\t<meta name=\"twitter:data1\" content=\"1 minuto\" \/>\n<script type=\"application\/ld+json\" class=\"yoast-schema-graph\">{\"@context\":\"https:\/\/schema.org\",\"@graph\":[{\"@type\":\"WebPage\",\"@id\":\"https:\/\/www.itaipbc.org.mx\/itaipBC-2019\/informacion-estadistica\/\",\"url\":\"https:\/\/www.itaipbc.org.mx\/itaipBC-2019\/informacion-estadistica\/\",\"name\":\"Informaci\u00f3n Estad\u00edstica - ItaipBC\",\"isPartOf\":{\"@id\":\"https:\/\/www.itaipbc.org.mx\/itaipBC-2019\/#website\"},\"datePublished\":\"2021-04-22T20:37:09+00:00\",\"dateModified\":\"2025-05-12T21:58:17+00:00\",\"breadcrumb\":{\"@id\":\"https:\/\/www.itaipbc.org.mx\/itaipBC-2019\/informacion-estadistica\/#breadcrumb\"},\"inLanguage\":\"es\",\"potentialAction\":[{\"@type\":\"ReadAction\",\"target\":[\"https:\/\/www.itaipbc.org.mx\/itaipBC-2019\/informacion-estadistica\/\"]}]},{\"@type\":\"BreadcrumbList\",\"@id\":\"https:\/\/www.itaipbc.org.mx\/itaipBC-2019\/informacion-estadistica\/#breadcrumb\",\"itemListElement\":[{\"@type\":\"ListItem\",\"position\":1,\"name\":\"Portada\",\"item\":\"https:\/\/www.itaipbc.org.mx\/itaipBC-2019\/\"},{\"@type\":\"ListItem\",\"position\":2,\"name\":\"Informaci\u00f3n Estad\u00edstica\"}]},{\"@type\":\"WebSite\",\"@id\":\"https:\/\/www.itaipbc.org.mx\/itaipBC-2019\/#website\",\"url\":\"https:\/\/www.itaipbc.org.mx\/itaipBC-2019\/\",\"name\":\"ItaipBC\",\"description\":\"\",\"publisher\":{\"@id\":\"https:\/\/www.itaipbc.org.mx\/itaipBC-2019\/#organization\"},\"potentialAction\":[{\"@type\":\"SearchAction\",\"target\":{\"@type\":\"EntryPoint\",\"urlTemplate\":\"https:\/\/www.itaipbc.org.mx\/itaipBC-2019\/?s={search_term_string}\"},\"query-input\":{\"@type\":\"PropertyValueSpecification\",\"valueRequired\":true,\"valueName\":\"search_term_string\"}}],\"inLanguage\":\"es\"},{\"@type\":\"Organization\",\"@id\":\"https:\/\/www.itaipbc.org.mx\/itaipBC-2019\/#organization\",\"name\":\"Instituto de Transparencia Baja California\",\"url\":\"https:\/\/www.itaipbc.org.mx\/itaipBC-2019\/\",\"logo\":{\"@type\":\"ImageObject\",\"inLanguage\":\"es\",\"@id\":\"https:\/\/www.itaipbc.org.mx\/itaipBC-2019\/#\/schema\/logo\/image\/\",\"url\":\"http:\/\/www.itaipbc.org.mx\/itaipBC-2019\/wp-content\/uploads\/2020\/01\/ITAIPBC-Completo.png\",\"contentUrl\":\"http:\/\/www.itaipbc.org.mx\/itaipBC-2019\/wp-content\/uploads\/2020\/01\/ITAIPBC-Completo.png\",\"width\":750,\"height\":174,\"caption\":\"Instituto de Transparencia Baja California\"},\"image\":{\"@id\":\"https:\/\/www.itaipbc.org.mx\/itaipBC-2019\/#\/schema\/logo\/image\/\"}}]}<\/script>\n<!-- \/ Yoast SEO plugin. -->","yoast_head_json":{"title":"Informaci\u00f3n Estad\u00edstica - ItaipBC","robots":{"index":"index","follow":"follow","max-snippet":"max-snippet:-1","max-image-preview":"max-image-preview:large","max-video-preview":"max-video-preview:-1"},"canonical":"https:\/\/www.itaipbc.org.mx\/itaipBC-2019\/informacion-estadistica\/","og_locale":"es_ES","og_type":"article","og_title":"Informaci\u00f3n Estad\u00edstica - ItaipBC","og_description":"[vc_row full_width=&#8221;stretch_row&#8221; css=&#8221;.vc_custom_1580526177224{margin-top: 90px !important;background-image: url(url(?id=) !important;}&#8221;][vc_column][vc_column_text] Informaci\u00f3n Estad\u00edstica Sujetos Obligados [\/vc_column_text][vc_column_text] EJERCICIO 2025 [\/vc_column_text][vc_separator color=&#8221;custom&#8221; border_width=&#8221;3&#8243; el_width=&#8221;20&#8243; accent_color=&#8221;#059b97&#8243; css=&#8221;.vc_custom_1657244197667{margin-top: 25px !important;margin-bottom: 25px !important;}&#8221;][\/vc_column][\/vc_row][vc_row][vc_column][vc_empty_space][\/vc_column][\/vc_row][vc_row][vc_column][vc_column_text]Solicitudes[\/vc_column_text][\/vc_column][\/vc_row][vc_row][vc_column width=&#8221;1\/2&#8243;][vc_line_chart x_values=&#8221;&#8221; values=&#8221;%5B%7B%22title%22%3A%22Ayuntamiento%20de%20Tijuana%22%2C%22y_values%22%3A%2221%22%2C%22color%22%3A%22orange%22%2C%22custom_color%22%3A%22%235472d2%22%7D%2C%7B%22title%22%3A%22Ayuntamiento%20de%20Mexicali%22%2C%22y_values%22%3A%229%22%2C%22color%22%3A%22vista-blue%22%7D%2C%7B%22title%22%3A%22Ayuntamiento%20de%20Ensenada%22%2C%22y_values%22%3A%226%22%2C%22color%22%3A%22violet%22%2C%22custom_color%22%3A%22%23ff9900%22%7D%2C%7B%22title%22%3A%22Fiscal%C3%ADa%20General%20del%20Estado%20de%20Baja%20California%22%2C%22y_values%22%3A%220%22%2C%22color%22%3A%22pink%22%2C%22custom_color%22%3A%22%236dab3c%22%7D%2C%7B%22title%22%3A%22Poder%20Judicial%20del%20Estado%20de%20Baja%20California%22%2C%22y_values%22%3A%2212%22%2C%22color%22%3A%22purple%22%2C%22custom_color%22%3A%22%23f7be68%22%7D%5D&#8221; title=&#8221;Datos Personales&#8221;][vc_column_text]Total de Datos Personales[\/vc_column_text][\/vc_column][vc_column width=&#8221;1\/2&#8243;][vc_line_chart x_values=&#8221;&#8221; values=&#8221;%5B%7B%22title%22%3A%22Ayuntamiento%20de%20Tijuana%22%2C%22y_values%22%3A%22485%22%2C%22color%22%3A%22orange%22%2C%22custom_color%22%3A%22%235472d2%22%7D%2C%7B%22title%22%3A%22Ayuntamiento%20de%20Mexicali%22%2C%22y_values%22%3A%22263%22%2C%22color%22%3A%22vista-blue%22%7D%2C%7B%22title%22%3A%22Ayuntamiento%20de%20Ensenada%22%2C%22y_values%22%3A%22225%22%2C%22color%22%3A%22violet%22%2C%22custom_color%22%3A%22%23ff9900%22%7D%2C%7B%22title%22%3A%22Fiscal%C3%ADa%20General%20del%20Estado%20de%20Baja%20California%22%2C%22y_values%22%3A%22224%22%2C%22color%22%3A%22pink%22%2C%22custom_color%22%3A%22%236dab3c%22%7D%2C%7B%22title%22%3A%22Poder%20Judicial%20del%20Estado%20de%20Baja%20California%22%2C%22y_values%22%3A%22171%22%2C%22color%22%3A%22purple%22%2C%22custom_color%22%3A%22%23f7be68%22%7D%5D&#8221; title=&#8221;Acceso a la Informaci\u00f3n P\u00fablica&#8221;][vc_column_text]Total de Solicitudes de Acceso a la Informaci\u00f3n P\u00fablica[\/vc_column_text][\/vc_column][vc_column][vc_column_text]Total General[\/vc_column_text][\/vc_column][\/vc_row][vc_row][vc_column][vc_empty_space][\/vc_column][\/vc_row][vc_row][vc_column width=&#8221;1\/2&#8243;][vc_column_text]Recursos de Revisi\u00f3n[\/vc_column_text][\/vc_column][vc_column width=&#8221;1\/2&#8243;][vc_column_text]Denuncias[\/vc_column_text][\/vc_column][\/vc_row][vc_row][vc_column width=&#8221;1\/2&#8243;][vc_line_chart x_values=&#8221;&#8221; [&hellip;]","og_url":"https:\/\/www.itaipbc.org.mx\/itaipBC-2019\/informacion-estadistica\/","og_site_name":"ItaipBC","article_modified_time":"2025-05-12T21:58:17+00:00","twitter_card":"summary_large_image","twitter_misc":{"Tiempo de lectura":"1 minuto"},"schema":{"@context":"https:\/\/schema.org","@graph":[{"@type":"WebPage","@id":"https:\/\/www.itaipbc.org.mx\/itaipBC-2019\/informacion-estadistica\/","url":"https:\/\/www.itaipbc.org.mx\/itaipBC-2019\/informacion-estadistica\/","name":"Informaci\u00f3n Estad\u00edstica - ItaipBC","isPartOf":{"@id":"https:\/\/www.itaipbc.org.mx\/itaipBC-2019\/#website"},"datePublished":"2021-04-22T20:37:09+00:00","dateModified":"2025-05-12T21:58:17+00:00","breadcrumb":{"@id":"https:\/\/www.itaipbc.org.mx\/itaipBC-2019\/informacion-estadistica\/#breadcrumb"},"inLanguage":"es","potentialAction":[{"@type":"ReadAction","target":["https:\/\/www.itaipbc.org.mx\/itaipBC-2019\/informacion-estadistica\/"]}]},{"@type":"BreadcrumbList","@id":"https:\/\/www.itaipbc.org.mx\/itaipBC-2019\/informacion-estadistica\/#breadcrumb","itemListElement":[{"@type":"ListItem","position":1,"name":"Portada","item":"https:\/\/www.itaipbc.org.mx\/itaipBC-2019\/"},{"@type":"ListItem","position":2,"name":"Informaci\u00f3n Estad\u00edstica"}]},{"@type":"WebSite","@id":"https:\/\/www.itaipbc.org.mx\/itaipBC-2019\/#website","url":"https:\/\/www.itaipbc.org.mx\/itaipBC-2019\/","name":"ItaipBC","description":"","publisher":{"@id":"https:\/\/www.itaipbc.org.mx\/itaipBC-2019\/#organization"},"potentialAction":[{"@type":"SearchAction","target":{"@type":"EntryPoint","urlTemplate":"https:\/\/www.itaipbc.org.mx\/itaipBC-2019\/?s={search_term_string}"},"query-input":{"@type":"PropertyValueSpecification","valueRequired":true,"valueName":"search_term_string"}}],"inLanguage":"es"},{"@type":"Organization","@id":"https:\/\/www.itaipbc.org.mx\/itaipBC-2019\/#organization","name":"Instituto de Transparencia Baja California","url":"https:\/\/www.itaipbc.org.mx\/itaipBC-2019\/","logo":{"@type":"ImageObject","inLanguage":"es","@id":"https:\/\/www.itaipbc.org.mx\/itaipBC-2019\/#\/schema\/logo\/image\/","url":"http:\/\/www.itaipbc.org.mx\/itaipBC-2019\/wp-content\/uploads\/2020\/01\/ITAIPBC-Completo.png","contentUrl":"http:\/\/www.itaipbc.org.mx\/itaipBC-2019\/wp-content\/uploads\/2020\/01\/ITAIPBC-Completo.png","width":750,"height":174,"caption":"Instituto de Transparencia Baja California"},"image":{"@id":"https:\/\/www.itaipbc.org.mx\/itaipBC-2019\/#\/schema\/logo\/image\/"}}]}},"_links":{"self":[{"href":"https:\/\/www.itaipbc.org.mx\/itaipBC-2019\/wp-json\/wp\/v2\/pages\/4323","targetHints":{"allow":["GET"]}}],"collection":[{"href":"https:\/\/www.itaipbc.org.mx\/itaipBC-2019\/wp-json\/wp\/v2\/pages"}],"about":[{"href":"https:\/\/www.itaipbc.org.mx\/itaipBC-2019\/wp-json\/wp\/v2\/types\/page"}],"author":[{"embeddable":true,"href":"https:\/\/www.itaipbc.org.mx\/itaipBC-2019\/wp-json\/wp\/v2\/users\/11"}],"replies":[{"embeddable":true,"href":"https:\/\/www.itaipbc.org.mx\/itaipBC-2019\/wp-json\/wp\/v2\/comments?post=4323"}],"version-history":[{"count":91,"href":"https:\/\/www.itaipbc.org.mx\/itaipBC-2019\/wp-json\/wp\/v2\/pages\/4323\/revisions"}],"predecessor-version":[{"id":13112,"href":"https:\/\/www.itaipbc.org.mx\/itaipBC-2019\/wp-json\/wp\/v2\/pages\/4323\/revisions\/13112"}],"wp:attachment":[{"href":"https:\/\/www.itaipbc.org.mx\/itaipBC-2019\/wp-json\/wp\/v2\/media?parent=4323"}],"curies":[{"name":"wp","href":"https:\/\/api.w.org\/{rel}","templated":true}]}}