{"id":1860,"date":"2020-02-06T09:21:51","date_gmt":"2020-02-06T17:21:51","guid":{"rendered":"https:\/\/itaipbc.demo-cliente.com\/?page_id=1860"},"modified":"2022-07-11T06:20:41","modified_gmt":"2022-07-11T13:20:41","slug":"interponer-denuncia","status":"publish","type":"page","link":"https:\/\/www.itaipbc.org.mx\/itaipBC-2019\/interponer-denuncia\/","title":{"rendered":"INTERPONER DENUNCIA"},"content":{"rendered":"<p>[vc_section][vc_row content_placement=&#8221;top&#8221;][vc_column][vc_column_text]<\/p>\n<h1 style=\"text-align: center;\">INTERPONER DENUNCIA PNT<\/h1>\n<p>[\/vc_column_text][vc_separator color=&#8221;custom&#8221; border_width=&#8221;4&#8243; el_width=&#8221;20&#8243; accent_color=&#8221;#2d9d99&#8243; css=&#8221;.vc_custom_1657545587844{margin-top: 25px !important;margin-bottom: 25px !important;}&#8221;][vc_column_text css=&#8221;.vc_custom_1657545521693{margin-bottom: 35px !important;}&#8221;]<\/p>\n<h1><\/h1>\n<p style=\"text-align: justify;\">El Instituto de Transparencia, Acceso a la informaci\u00f3n P\u00fablica y Protecci\u00f3n de Datos Personales para el Estado de Baja California, pone a su disposici\u00f3n el sistema para interponer una denuncia por incumplimiento a las obligaciones de transparencia a trav\u00e9s de la Plataforma Nacional de Transparencia.<\/p>\n<p style=\"text-align: justify;\">A dicho sistema se puede ingresar en el siguiente v\u00ednculo:<\/p>\n<p>[\/vc_column_text][mvc_advanced_button btn_text=&#8221;Pulsa aqui&#8221; btn_clr=&#8221;#ffffff&#8221; btn_bg=&#8221;#2d9d99&#8243; btn_url=&#8221;url:https%3A%2F%2Fconsultapublicamx.inai.org.mx%2Fvut-web%2Ffaces%2Fview%2Fdenuncia%2FdenunciaCiudadana.xhtml&#8221; btn_hvrclr=&#8221;#ffffff&#8221; btn_hvrbg=&#8221;#bd3284&#8243;][\/vc_column][vc_column width=&#8221;1\/2&#8243;][vc_single_image image=&#8221;8110&#8243; img_size=&#8221;450&#215;207&#8243;][\/vc_column][\/vc_row][\/vc_section][vc_row][vc_column][vc_column_text]<\/p>\n<h1 style=\"text-align: center;\">INTERPONER DENUNCIA PNT<\/h1>\n<p>[\/vc_column_text][vc_separator color=&#8221;custom&#8221; border_width=&#8221;4&#8243; el_width=&#8221;20&#8243; accent_color=&#8221;#2d9d99&#8243; css=&#8221;.vc_custom_1657545587844{margin-top: 25px !important;margin-bottom: 25px !important;}&#8221;][vc_column_text css=&#8221;.vc_custom_1657545620302{margin-bottom: 35px !important;}&#8221;]<\/p>\n<div class=\"c-content-title-1\"><\/div>\n<p>El Instituto de Transparencia, Acceso a la informaci\u00f3n P\u00fablica y Protecci\u00f3n de Datos Personales para el Estado de Baja California, pone a su disposici\u00f3n el sistema para interponer una denuncia en materia de Transparencia y Acceso a la Informaci\u00f3n P\u00fablica.<\/p>\n<p style=\"text-align: justify;\">A dicho sistema se puede ingresar en el siguiente v\u00ednculo:<\/p>\n<p>[\/vc_column_text][mvc_advanced_button btn_text=&#8221;Pulsa aqui&#8221; btn_clr=&#8221;#ffffff&#8221; btn_bg=&#8221;#2d9d99&#8243; btn_url=&#8221;url:https%3A%2F%2Fconsultapublicamx.inai.org.mx%2Fvut-web%2Ffaces%2Fview%2Fdenuncia%2FdenunciaCiudadana.xhtml&#8221; btn_hvrclr=&#8221;#ffffff&#8221; btn_hvrbg=&#8221;#bd3284&#8243;][\/vc_column][\/vc_row][vc_row][vc_column][vc_column_text][\/vc_column_text][\/vc_column][\/vc_row]<\/p>\n","protected":false},"excerpt":{"rendered":"<p>[vc_section][vc_row content_placement=&#8221;top&#8221;][vc_column][vc_column_text] INTERPONER DENUNCIA PNT [\/vc_column_text][vc_separator color=&#8221;custom&#8221; border_width=&#8221;4&#8243; el_width=&#8221;20&#8243; accent_color=&#8221;#2d9d99&#8243; css=&#8221;.vc_custom_1657545587844{margin-top: 25px !important;margin-bottom: 25px !important;}&#8221;][vc_column_text css=&#8221;.vc_custom_1657545521693{margin-bottom: 35px !important;}&#8221;] El Instituto de Transparencia, Acceso a la informaci\u00f3n P\u00fablica y Protecci\u00f3n de Datos Personales para el Estado de Baja California, pone a su disposici\u00f3n el sistema para interponer una denuncia por incumplimiento a las obligaciones de transparencia [&hellip;]<\/p>\n","protected":false},"author":8,"featured_media":0,"parent":0,"menu_order":0,"comment_status":"closed","ping_status":"closed","template":"","meta":{"footnotes":""},"class_list":["post-1860","page","type-page","status-publish","hentry"],"yoast_head":"<!-- This site is optimized with the Yoast SEO plugin v26.5 - https:\/\/yoast.com\/wordpress\/plugins\/seo\/ -->\n<title>INTERPONER DENUNCIA - ItaipBC<\/title>\n<meta name=\"robots\" content=\"index, follow, max-snippet:-1, max-image-preview:large, max-video-preview:-1\" \/>\n<link rel=\"canonical\" href=\"https:\/\/www.itaipbc.org.mx\/itaipBC-2019\/interponer-denuncia\/\" \/>\n<meta property=\"og:locale\" content=\"es_ES\" \/>\n<meta property=\"og:type\" content=\"article\" \/>\n<meta property=\"og:title\" content=\"INTERPONER DENUNCIA - ItaipBC\" \/>\n<meta property=\"og:description\" content=\"[vc_section][vc_row content_placement=&#8221;top&#8221;][vc_column][vc_column_text] INTERPONER DENUNCIA PNT [\/vc_column_text][vc_separator color=&#8221;custom&#8221; border_width=&#8221;4&#8243; el_width=&#8221;20&#8243; accent_color=&#8221;#2d9d99&#8243; css=&#8221;.vc_custom_1657545587844{margin-top: 25px !important;margin-bottom: 25px !important;}&#8221;][vc_column_text css=&#8221;.vc_custom_1657545521693{margin-bottom: 35px !important;}&#8221;] El Instituto de Transparencia, Acceso a la informaci\u00f3n P\u00fablica y Protecci\u00f3n de Datos Personales para el Estado de Baja California, pone a su disposici\u00f3n el sistema para interponer una denuncia por incumplimiento a las obligaciones de transparencia [&hellip;]\" \/>\n<meta property=\"og:url\" content=\"https:\/\/www.itaipbc.org.mx\/itaipBC-2019\/interponer-denuncia\/\" \/>\n<meta property=\"og:site_name\" content=\"ItaipBC\" \/>\n<meta property=\"article:modified_time\" content=\"2022-07-11T13:20:41+00:00\" \/>\n<meta name=\"twitter:card\" content=\"summary_large_image\" \/>\n<meta name=\"twitter:label1\" content=\"Tiempo de lectura\" \/>\n\t<meta name=\"twitter:data1\" content=\"1 minuto\" \/>\n<script type=\"application\/ld+json\" class=\"yoast-schema-graph\">{\"@context\":\"https:\/\/schema.org\",\"@graph\":[{\"@type\":\"WebPage\",\"@id\":\"https:\/\/www.itaipbc.org.mx\/itaipBC-2019\/interponer-denuncia\/\",\"url\":\"https:\/\/www.itaipbc.org.mx\/itaipBC-2019\/interponer-denuncia\/\",\"name\":\"INTERPONER DENUNCIA - ItaipBC\",\"isPartOf\":{\"@id\":\"https:\/\/www.itaipbc.org.mx\/itaipBC-2019\/#website\"},\"datePublished\":\"2020-02-06T17:21:51+00:00\",\"dateModified\":\"2022-07-11T13:20:41+00:00\",\"breadcrumb\":{\"@id\":\"https:\/\/www.itaipbc.org.mx\/itaipBC-2019\/interponer-denuncia\/#breadcrumb\"},\"inLanguage\":\"es\",\"potentialAction\":[{\"@type\":\"ReadAction\",\"target\":[\"https:\/\/www.itaipbc.org.mx\/itaipBC-2019\/interponer-denuncia\/\"]}]},{\"@type\":\"BreadcrumbList\",\"@id\":\"https:\/\/www.itaipbc.org.mx\/itaipBC-2019\/interponer-denuncia\/#breadcrumb\",\"itemListElement\":[{\"@type\":\"ListItem\",\"position\":1,\"name\":\"Portada\",\"item\":\"https:\/\/www.itaipbc.org.mx\/itaipBC-2019\/\"},{\"@type\":\"ListItem\",\"position\":2,\"name\":\"INTERPONER DENUNCIA\"}]},{\"@type\":\"WebSite\",\"@id\":\"https:\/\/www.itaipbc.org.mx\/itaipBC-2019\/#website\",\"url\":\"https:\/\/www.itaipbc.org.mx\/itaipBC-2019\/\",\"name\":\"ItaipBC\",\"description\":\"\",\"publisher\":{\"@id\":\"https:\/\/www.itaipbc.org.mx\/itaipBC-2019\/#organization\"},\"potentialAction\":[{\"@type\":\"SearchAction\",\"target\":{\"@type\":\"EntryPoint\",\"urlTemplate\":\"https:\/\/www.itaipbc.org.mx\/itaipBC-2019\/?s={search_term_string}\"},\"query-input\":{\"@type\":\"PropertyValueSpecification\",\"valueRequired\":true,\"valueName\":\"search_term_string\"}}],\"inLanguage\":\"es\"},{\"@type\":\"Organization\",\"@id\":\"https:\/\/www.itaipbc.org.mx\/itaipBC-2019\/#organization\",\"name\":\"Instituto de Transparencia Baja California\",\"url\":\"https:\/\/www.itaipbc.org.mx\/itaipBC-2019\/\",\"logo\":{\"@type\":\"ImageObject\",\"inLanguage\":\"es\",\"@id\":\"https:\/\/www.itaipbc.org.mx\/itaipBC-2019\/#\/schema\/logo\/image\/\",\"url\":\"http:\/\/www.itaipbc.org.mx\/itaipBC-2019\/wp-content\/uploads\/2020\/01\/ITAIPBC-Completo.png\",\"contentUrl\":\"http:\/\/www.itaipbc.org.mx\/itaipBC-2019\/wp-content\/uploads\/2020\/01\/ITAIPBC-Completo.png\",\"width\":750,\"height\":174,\"caption\":\"Instituto de Transparencia Baja California\"},\"image\":{\"@id\":\"https:\/\/www.itaipbc.org.mx\/itaipBC-2019\/#\/schema\/logo\/image\/\"}}]}<\/script>\n<!-- \/ Yoast SEO plugin. -->","yoast_head_json":{"title":"INTERPONER DENUNCIA - ItaipBC","robots":{"index":"index","follow":"follow","max-snippet":"max-snippet:-1","max-image-preview":"max-image-preview:large","max-video-preview":"max-video-preview:-1"},"canonical":"https:\/\/www.itaipbc.org.mx\/itaipBC-2019\/interponer-denuncia\/","og_locale":"es_ES","og_type":"article","og_title":"INTERPONER DENUNCIA - ItaipBC","og_description":"[vc_section][vc_row content_placement=&#8221;top&#8221;][vc_column][vc_column_text] INTERPONER DENUNCIA PNT [\/vc_column_text][vc_separator color=&#8221;custom&#8221; border_width=&#8221;4&#8243; el_width=&#8221;20&#8243; accent_color=&#8221;#2d9d99&#8243; css=&#8221;.vc_custom_1657545587844{margin-top: 25px !important;margin-bottom: 25px !important;}&#8221;][vc_column_text css=&#8221;.vc_custom_1657545521693{margin-bottom: 35px !important;}&#8221;] El Instituto de Transparencia, Acceso a la informaci\u00f3n P\u00fablica y Protecci\u00f3n de Datos Personales para el Estado de Baja California, pone a su disposici\u00f3n el sistema para interponer una denuncia por incumplimiento a las obligaciones de transparencia [&hellip;]","og_url":"https:\/\/www.itaipbc.org.mx\/itaipBC-2019\/interponer-denuncia\/","og_site_name":"ItaipBC","article_modified_time":"2022-07-11T13:20:41+00:00","twitter_card":"summary_large_image","twitter_misc":{"Tiempo de lectura":"1 minuto"},"schema":{"@context":"https:\/\/schema.org","@graph":[{"@type":"WebPage","@id":"https:\/\/www.itaipbc.org.mx\/itaipBC-2019\/interponer-denuncia\/","url":"https:\/\/www.itaipbc.org.mx\/itaipBC-2019\/interponer-denuncia\/","name":"INTERPONER DENUNCIA - ItaipBC","isPartOf":{"@id":"https:\/\/www.itaipbc.org.mx\/itaipBC-2019\/#website"},"datePublished":"2020-02-06T17:21:51+00:00","dateModified":"2022-07-11T13:20:41+00:00","breadcrumb":{"@id":"https:\/\/www.itaipbc.org.mx\/itaipBC-2019\/interponer-denuncia\/#breadcrumb"},"inLanguage":"es","potentialAction":[{"@type":"ReadAction","target":["https:\/\/www.itaipbc.org.mx\/itaipBC-2019\/interponer-denuncia\/"]}]},{"@type":"BreadcrumbList","@id":"https:\/\/www.itaipbc.org.mx\/itaipBC-2019\/interponer-denuncia\/#breadcrumb","itemListElement":[{"@type":"ListItem","position":1,"name":"Portada","item":"https:\/\/www.itaipbc.org.mx\/itaipBC-2019\/"},{"@type":"ListItem","position":2,"name":"INTERPONER DENUNCIA"}]},{"@type":"WebSite","@id":"https:\/\/www.itaipbc.org.mx\/itaipBC-2019\/#website","url":"https:\/\/www.itaipbc.org.mx\/itaipBC-2019\/","name":"ItaipBC","description":"","publisher":{"@id":"https:\/\/www.itaipbc.org.mx\/itaipBC-2019\/#organization"},"potentialAction":[{"@type":"SearchAction","target":{"@type":"EntryPoint","urlTemplate":"https:\/\/www.itaipbc.org.mx\/itaipBC-2019\/?s={search_term_string}"},"query-input":{"@type":"PropertyValueSpecification","valueRequired":true,"valueName":"search_term_string"}}],"inLanguage":"es"},{"@type":"Organization","@id":"https:\/\/www.itaipbc.org.mx\/itaipBC-2019\/#organization","name":"Instituto de Transparencia Baja California","url":"https:\/\/www.itaipbc.org.mx\/itaipBC-2019\/","logo":{"@type":"ImageObject","inLanguage":"es","@id":"https:\/\/www.itaipbc.org.mx\/itaipBC-2019\/#\/schema\/logo\/image\/","url":"http:\/\/www.itaipbc.org.mx\/itaipBC-2019\/wp-content\/uploads\/2020\/01\/ITAIPBC-Completo.png","contentUrl":"http:\/\/www.itaipbc.org.mx\/itaipBC-2019\/wp-content\/uploads\/2020\/01\/ITAIPBC-Completo.png","width":750,"height":174,"caption":"Instituto de Transparencia Baja California"},"image":{"@id":"https:\/\/www.itaipbc.org.mx\/itaipBC-2019\/#\/schema\/logo\/image\/"}}]}},"_links":{"self":[{"href":"https:\/\/www.itaipbc.org.mx\/itaipBC-2019\/wp-json\/wp\/v2\/pages\/1860","targetHints":{"allow":["GET"]}}],"collection":[{"href":"https:\/\/www.itaipbc.org.mx\/itaipBC-2019\/wp-json\/wp\/v2\/pages"}],"about":[{"href":"https:\/\/www.itaipbc.org.mx\/itaipBC-2019\/wp-json\/wp\/v2\/types\/page"}],"author":[{"embeddable":true,"href":"https:\/\/www.itaipbc.org.mx\/itaipBC-2019\/wp-json\/wp\/v2\/users\/8"}],"replies":[{"embeddable":true,"href":"https:\/\/www.itaipbc.org.mx\/itaipBC-2019\/wp-json\/wp\/v2\/comments?post=1860"}],"version-history":[{"count":3,"href":"https:\/\/www.itaipbc.org.mx\/itaipBC-2019\/wp-json\/wp\/v2\/pages\/1860\/revisions"}],"predecessor-version":[{"id":8219,"href":"https:\/\/www.itaipbc.org.mx\/itaipBC-2019\/wp-json\/wp\/v2\/pages\/1860\/revisions\/8219"}],"wp:attachment":[{"href":"https:\/\/www.itaipbc.org.mx\/itaipBC-2019\/wp-json\/wp\/v2\/media?parent=1860"}],"curies":[{"name":"wp","href":"https:\/\/api.w.org\/{rel}","templated":true}]}}