{"id":1848,"date":"2020-02-06T09:20:02","date_gmt":"2020-02-06T17:20:02","guid":{"rendered":"https:\/\/itaipbc.demo-cliente.com\/?page_id=1848"},"modified":"2024-10-25T13:43:30","modified_gmt":"2024-10-25T20:43:30","slug":"comite-de-transparencia","status":"publish","type":"page","link":"https:\/\/www.itaipbc.org.mx\/itaipBC-2019\/comite-de-transparencia\/","title":{"rendered":"COMIT\u00c9 DE TRANSPARENCIA"},"content":{"rendered":"<p>[vc_section][vc_row content_placement=&#8221;top&#8221;][vc_column][vc_column_text]<\/p>\n<h1 style=\"text-align: center;\">Comit\u00e9 de transparencia<\/h1>\n<p>[\/vc_column_text][vc_separator color=&#8221;custom&#8221; border_width=&#8221;4&#8243; el_width=&#8221;20&#8243; accent_color=&#8221;#059b97&#8243; css=&#8221;.vc_custom_1657243095423{margin-top: 25px !important;margin-bottom: 25px !important;}&#8221;][\/vc_column][\/vc_row][vc_row css=&#8221;.vc_custom_1580510424154{margin-top: 10px !important;margin-bottom: 30px !important;}&#8221;][vc_column width=&#8221;1\/2&#8243;][vc_column_text]<\/p>\n<p class=\"header_flat flat_forest_green_dark\" style=\"text-align: justify;\" title=\"Los Sujetos Obligados de la Ley de Transparencia y Acceso a la Informaci\u00f3n P\u00fablica del Estado de Baja California son:\">Es el \u00d3rgano Colegiado integrado por un n\u00famero impar, el cual adopta sus resoluciones por mayor\u00eda de votos, encargado de garantizar el derecho de acceso a la informaci\u00f3n a trav\u00e9s de sus determinaciones.<\/p>\n<p style=\"text-align: justify;\"><strong>Sus principales funciones son:<\/strong><\/p>\n<p style=\"text-align: justify;\"><strong>a)<\/strong> Instituir, coordinar y supervisar, en t\u00e9rminos de las disposiciones aplicables, las acciones y los procedimientos para asegurar la mayor eficacia en la gesti\u00f3n de las solicitudes en materia de acceso a la informaci\u00f3n.<\/p>\n<p style=\"text-align: justify;\"><strong>b)<\/strong> Confirmar, modificar o revocar las determinaciones que en materia de ampliaci\u00f3n del plazo de respuesta, clasificaci\u00f3n de la informaci\u00f3n y declaraci\u00f3n de inexistencia o de competencia que realicen las y los titulares de las \u00c1reas de los sujeto obligados realicen.<\/p>\n<p style=\"text-align: justify;\"><strong>c)<\/strong> Ordenar, en su caso, a las \u00e1reas competentes que generen la informaci\u00f3n que derivado de sus facultades, competencias y funciones deban tener en posesi\u00f3n o que previa acreditaci\u00f3n de la imposibilidad de su generaci\u00f3n, exponga, de forma fundada y motivada, las razones por las cuales, en el caso particular, no ejercieron dichas facultades, competencias o funciones.<\/p>\n<p style=\"text-align: justify;\"><strong>d)<\/strong> Solicitar y autorizar la ampliaci\u00f3n de los plazos de reserva de la informaci\u00f3n.<\/p>\n<p>[\/vc_column_text][\/vc_column][vc_column width=&#8221;1\/2&#8243;][vc_single_image image=&#8221;7828&#8243; img_size=&#8221;450&#215;154&#8243;][\/vc_column][\/vc_row][\/vc_section][vc_row][vc_column][vc_column_text]<\/p>\n<h2 class=\"c-left c-font-dark c-font-uppercase c-font-bold\" style=\"text-align: center;\" align=\"center\">ORGANIGRAMA DEL COMIT\u00c9 DE TRANSPARENCIA<\/h2>\n<p>[\/vc_column_text][vc_separator color=&#8221;custom&#8221; border_width=&#8221;4&#8243; el_width=&#8221;20&#8243; accent_color=&#8221;#059b97&#8243; css=&#8221;.vc_custom_1657243095423{margin-top: 25px !important;margin-bottom: 25px !important;}&#8221;][\/vc_column][\/vc_row][vc_row content_placement=&#8221;middle&#8221; css=&#8221;.vc_custom_1581018096339{margin-bottom: 30px !important;}&#8221;][vc_column width=&#8221;1\/4&#8243;][\/vc_column][vc_column width=&#8221;1\/2&#8243;][vc_single_image image=&#8221;12698&#8243; img_size=&#8221;837&#215;635&#8243;][\/vc_column][vc_column width=&#8221;1\/4&#8243;][\/vc_column][\/vc_row][vc_row][vc_column][vc_column_text]<\/p>\n<h2 class=\"c-left c-font-dark c-font-uppercase c-font-bold\" style=\"text-align: center;\" align=\"center\">CALENDARIO DE SESIONES<\/h2>\n<p>[\/vc_column_text][vc_separator color=&#8221;custom&#8221; border_width=&#8221;4&#8243; el_width=&#8221;20&#8243; accent_color=&#8221;#059b97&#8243; css=&#8221;.vc_custom_1657243095423{margin-top: 25px !important;margin-bottom: 25px !important;}&#8221;][\/vc_column][\/vc_row][vc_row css=&#8221;.vc_custom_1581018734600{margin-bottom: 30px !important;}&#8221;][vc_column width=&#8221;1\/3&#8243;][\/vc_column][vc_column width=&#8221;1\/3&#8243;][mvc_advanced_button align=&#8221;center&#8221; btn_text=&#8221;Ver informaci\u00f3n&#8221; use_theme_fonts=&#8221;yes&#8221; btn_url=&#8221;url:http%3A%2F%2Fwww.itaipbc.org.mx%2Ffiles%2FTransparencia%2FComite%2520de%2520Transparencia%2FCalendario-de-Sesiones-Ordinarias-2024.pdf|title:Comite%20Transparencia|target:_blank&#8221; btn_bg=&#8221;#059b97&#8243; btn_hvrclr=&#8221;#ffffff&#8221; btn_hvrbg=&#8221;#bd3284&#8243; btn_clr=&#8221;#ffffff&#8221;][\/vc_column][vc_column width=&#8221;1\/3&#8243;][\/vc_column][\/vc_row][vc_row][vc_column][vc_column_text]<\/p>\n<h2 class=\"c-font-uppercase c-font-bold\" style=\"text-align: center;\">LAS ACTAS, RESOLUCIONES Y POL\u00cdTICAS DEL COMIT\u00c9 DE TRANSPARENCIA<\/h2>\n<p>[\/vc_column_text][vc_separator color=&#8221;custom&#8221; border_width=&#8221;4&#8243; el_width=&#8221;20&#8243; accent_color=&#8221;#059b97&#8243; css=&#8221;.vc_custom_1657243095423{margin-top: 25px !important;margin-bottom: 25px !important;}&#8221;][vc_column_text]<\/p>\n<p class=\"c-font-uppercase c-font-bold\" style=\"text-align: center;\">Listado de Actas, Resoluciones, Pol\u00edticas y Videos de Sesiones.<\/p>\n<p>[\/vc_column_text][\/vc_column][\/vc_row][vc_row css=&#8221;.vc_custom_1581018734600{margin-bottom: 30px !important;}&#8221;][vc_column width=&#8221;1\/3&#8243;][\/vc_column][vc_column width=&#8221;1\/3&#8243;][mvc_advanced_button align=&#8221;center&#8221; btn_text=&#8221;Ver informaci\u00f3n&#8221; transform=&#8221;normal&#8221; use_theme_fonts=&#8221;yes&#8221; btn_url=&#8221;url:http%3A%2F%2Fwww.itaipbc.org.mx%2Findex2.php%2Fpot%2Fart81_fracc39|title:Comite%20Transparencia&#8221; btn_bg=&#8221;#059b97&#8243; btn_hvrclr=&#8221;#ffffff&#8221; btn_hvrbg=&#8221;#bd3284&#8243; btn_clr=&#8221;#ffffff&#8221;][\/vc_column][vc_column width=&#8221;1\/3&#8243;][\/vc_column][\/vc_row][vc_row][vc_column][\/vc_column][\/vc_row]<\/p>\n","protected":false},"excerpt":{"rendered":"<p>[vc_section][vc_row content_placement=&#8221;top&#8221;][vc_column][vc_column_text] Comit\u00e9 de transparencia [\/vc_column_text][vc_separator color=&#8221;custom&#8221; border_width=&#8221;4&#8243; el_width=&#8221;20&#8243; accent_color=&#8221;#059b97&#8243; css=&#8221;.vc_custom_1657243095423{margin-top: 25px !important;margin-bottom: 25px !important;}&#8221;][\/vc_column][\/vc_row][vc_row css=&#8221;.vc_custom_1580510424154{margin-top: 10px !important;margin-bottom: 30px !important;}&#8221;][vc_column width=&#8221;1\/2&#8243;][vc_column_text] Es el \u00d3rgano Colegiado integrado por un n\u00famero impar, el cual adopta sus resoluciones por mayor\u00eda de votos, encargado de garantizar el derecho de acceso a la informaci\u00f3n a trav\u00e9s de sus determinaciones. Sus [&hellip;]<\/p>\n","protected":false},"author":8,"featured_media":0,"parent":0,"menu_order":0,"comment_status":"closed","ping_status":"closed","template":"","meta":{"footnotes":""},"class_list":["post-1848","page","type-page","status-publish","hentry"],"yoast_head":"<!-- This site is optimized with the Yoast SEO plugin v26.5 - https:\/\/yoast.com\/wordpress\/plugins\/seo\/ -->\n<title>COMIT\u00c9 DE TRANSPARENCIA - ItaipBC<\/title>\n<meta name=\"robots\" content=\"index, follow, max-snippet:-1, max-image-preview:large, max-video-preview:-1\" \/>\n<link rel=\"canonical\" href=\"https:\/\/www.itaipbc.org.mx\/itaipBC-2019\/comite-de-transparencia\/\" \/>\n<meta property=\"og:locale\" content=\"es_ES\" \/>\n<meta property=\"og:type\" content=\"article\" \/>\n<meta property=\"og:title\" content=\"COMIT\u00c9 DE TRANSPARENCIA - ItaipBC\" \/>\n<meta property=\"og:description\" content=\"[vc_section][vc_row content_placement=&#8221;top&#8221;][vc_column][vc_column_text] Comit\u00e9 de transparencia [\/vc_column_text][vc_separator color=&#8221;custom&#8221; border_width=&#8221;4&#8243; el_width=&#8221;20&#8243; accent_color=&#8221;#059b97&#8243; css=&#8221;.vc_custom_1657243095423{margin-top: 25px !important;margin-bottom: 25px !important;}&#8221;][\/vc_column][\/vc_row][vc_row css=&#8221;.vc_custom_1580510424154{margin-top: 10px !important;margin-bottom: 30px !important;}&#8221;][vc_column width=&#8221;1\/2&#8243;][vc_column_text] Es el \u00d3rgano Colegiado integrado por un n\u00famero impar, el cual adopta sus resoluciones por mayor\u00eda de votos, encargado de garantizar el derecho de acceso a la informaci\u00f3n a trav\u00e9s de sus determinaciones. Sus [&hellip;]\" \/>\n<meta property=\"og:url\" content=\"https:\/\/www.itaipbc.org.mx\/itaipBC-2019\/comite-de-transparencia\/\" \/>\n<meta property=\"og:site_name\" content=\"ItaipBC\" \/>\n<meta property=\"article:modified_time\" content=\"2024-10-25T20:43:30+00:00\" \/>\n<meta name=\"twitter:card\" content=\"summary_large_image\" \/>\n<meta name=\"twitter:label1\" content=\"Tiempo de lectura\" \/>\n\t<meta name=\"twitter:data1\" content=\"2 minutos\" \/>\n<script type=\"application\/ld+json\" class=\"yoast-schema-graph\">{\"@context\":\"https:\/\/schema.org\",\"@graph\":[{\"@type\":\"WebPage\",\"@id\":\"https:\/\/www.itaipbc.org.mx\/itaipBC-2019\/comite-de-transparencia\/\",\"url\":\"https:\/\/www.itaipbc.org.mx\/itaipBC-2019\/comite-de-transparencia\/\",\"name\":\"COMIT\u00c9 DE TRANSPARENCIA - ItaipBC\",\"isPartOf\":{\"@id\":\"https:\/\/www.itaipbc.org.mx\/itaipBC-2019\/#website\"},\"datePublished\":\"2020-02-06T17:20:02+00:00\",\"dateModified\":\"2024-10-25T20:43:30+00:00\",\"breadcrumb\":{\"@id\":\"https:\/\/www.itaipbc.org.mx\/itaipBC-2019\/comite-de-transparencia\/#breadcrumb\"},\"inLanguage\":\"es\",\"potentialAction\":[{\"@type\":\"ReadAction\",\"target\":[\"https:\/\/www.itaipbc.org.mx\/itaipBC-2019\/comite-de-transparencia\/\"]}]},{\"@type\":\"BreadcrumbList\",\"@id\":\"https:\/\/www.itaipbc.org.mx\/itaipBC-2019\/comite-de-transparencia\/#breadcrumb\",\"itemListElement\":[{\"@type\":\"ListItem\",\"position\":1,\"name\":\"Portada\",\"item\":\"https:\/\/www.itaipbc.org.mx\/itaipBC-2019\/\"},{\"@type\":\"ListItem\",\"position\":2,\"name\":\"COMIT\u00c9 DE TRANSPARENCIA\"}]},{\"@type\":\"WebSite\",\"@id\":\"https:\/\/www.itaipbc.org.mx\/itaipBC-2019\/#website\",\"url\":\"https:\/\/www.itaipbc.org.mx\/itaipBC-2019\/\",\"name\":\"ItaipBC\",\"description\":\"\",\"publisher\":{\"@id\":\"https:\/\/www.itaipbc.org.mx\/itaipBC-2019\/#organization\"},\"potentialAction\":[{\"@type\":\"SearchAction\",\"target\":{\"@type\":\"EntryPoint\",\"urlTemplate\":\"https:\/\/www.itaipbc.org.mx\/itaipBC-2019\/?s={search_term_string}\"},\"query-input\":{\"@type\":\"PropertyValueSpecification\",\"valueRequired\":true,\"valueName\":\"search_term_string\"}}],\"inLanguage\":\"es\"},{\"@type\":\"Organization\",\"@id\":\"https:\/\/www.itaipbc.org.mx\/itaipBC-2019\/#organization\",\"name\":\"Instituto de Transparencia Baja California\",\"url\":\"https:\/\/www.itaipbc.org.mx\/itaipBC-2019\/\",\"logo\":{\"@type\":\"ImageObject\",\"inLanguage\":\"es\",\"@id\":\"https:\/\/www.itaipbc.org.mx\/itaipBC-2019\/#\/schema\/logo\/image\/\",\"url\":\"http:\/\/www.itaipbc.org.mx\/itaipBC-2019\/wp-content\/uploads\/2020\/01\/ITAIPBC-Completo.png\",\"contentUrl\":\"http:\/\/www.itaipbc.org.mx\/itaipBC-2019\/wp-content\/uploads\/2020\/01\/ITAIPBC-Completo.png\",\"width\":750,\"height\":174,\"caption\":\"Instituto de Transparencia Baja California\"},\"image\":{\"@id\":\"https:\/\/www.itaipbc.org.mx\/itaipBC-2019\/#\/schema\/logo\/image\/\"}}]}<\/script>\n<!-- \/ Yoast SEO plugin. -->","yoast_head_json":{"title":"COMIT\u00c9 DE TRANSPARENCIA - ItaipBC","robots":{"index":"index","follow":"follow","max-snippet":"max-snippet:-1","max-image-preview":"max-image-preview:large","max-video-preview":"max-video-preview:-1"},"canonical":"https:\/\/www.itaipbc.org.mx\/itaipBC-2019\/comite-de-transparencia\/","og_locale":"es_ES","og_type":"article","og_title":"COMIT\u00c9 DE TRANSPARENCIA - ItaipBC","og_description":"[vc_section][vc_row content_placement=&#8221;top&#8221;][vc_column][vc_column_text] Comit\u00e9 de transparencia [\/vc_column_text][vc_separator color=&#8221;custom&#8221; border_width=&#8221;4&#8243; el_width=&#8221;20&#8243; accent_color=&#8221;#059b97&#8243; css=&#8221;.vc_custom_1657243095423{margin-top: 25px !important;margin-bottom: 25px !important;}&#8221;][\/vc_column][\/vc_row][vc_row css=&#8221;.vc_custom_1580510424154{margin-top: 10px !important;margin-bottom: 30px !important;}&#8221;][vc_column width=&#8221;1\/2&#8243;][vc_column_text] Es el \u00d3rgano Colegiado integrado por un n\u00famero impar, el cual adopta sus resoluciones por mayor\u00eda de votos, encargado de garantizar el derecho de acceso a la informaci\u00f3n a trav\u00e9s de sus determinaciones. Sus [&hellip;]","og_url":"https:\/\/www.itaipbc.org.mx\/itaipBC-2019\/comite-de-transparencia\/","og_site_name":"ItaipBC","article_modified_time":"2024-10-25T20:43:30+00:00","twitter_card":"summary_large_image","twitter_misc":{"Tiempo de lectura":"2 minutos"},"schema":{"@context":"https:\/\/schema.org","@graph":[{"@type":"WebPage","@id":"https:\/\/www.itaipbc.org.mx\/itaipBC-2019\/comite-de-transparencia\/","url":"https:\/\/www.itaipbc.org.mx\/itaipBC-2019\/comite-de-transparencia\/","name":"COMIT\u00c9 DE TRANSPARENCIA - ItaipBC","isPartOf":{"@id":"https:\/\/www.itaipbc.org.mx\/itaipBC-2019\/#website"},"datePublished":"2020-02-06T17:20:02+00:00","dateModified":"2024-10-25T20:43:30+00:00","breadcrumb":{"@id":"https:\/\/www.itaipbc.org.mx\/itaipBC-2019\/comite-de-transparencia\/#breadcrumb"},"inLanguage":"es","potentialAction":[{"@type":"ReadAction","target":["https:\/\/www.itaipbc.org.mx\/itaipBC-2019\/comite-de-transparencia\/"]}]},{"@type":"BreadcrumbList","@id":"https:\/\/www.itaipbc.org.mx\/itaipBC-2019\/comite-de-transparencia\/#breadcrumb","itemListElement":[{"@type":"ListItem","position":1,"name":"Portada","item":"https:\/\/www.itaipbc.org.mx\/itaipBC-2019\/"},{"@type":"ListItem","position":2,"name":"COMIT\u00c9 DE TRANSPARENCIA"}]},{"@type":"WebSite","@id":"https:\/\/www.itaipbc.org.mx\/itaipBC-2019\/#website","url":"https:\/\/www.itaipbc.org.mx\/itaipBC-2019\/","name":"ItaipBC","description":"","publisher":{"@id":"https:\/\/www.itaipbc.org.mx\/itaipBC-2019\/#organization"},"potentialAction":[{"@type":"SearchAction","target":{"@type":"EntryPoint","urlTemplate":"https:\/\/www.itaipbc.org.mx\/itaipBC-2019\/?s={search_term_string}"},"query-input":{"@type":"PropertyValueSpecification","valueRequired":true,"valueName":"search_term_string"}}],"inLanguage":"es"},{"@type":"Organization","@id":"https:\/\/www.itaipbc.org.mx\/itaipBC-2019\/#organization","name":"Instituto de Transparencia Baja California","url":"https:\/\/www.itaipbc.org.mx\/itaipBC-2019\/","logo":{"@type":"ImageObject","inLanguage":"es","@id":"https:\/\/www.itaipbc.org.mx\/itaipBC-2019\/#\/schema\/logo\/image\/","url":"http:\/\/www.itaipbc.org.mx\/itaipBC-2019\/wp-content\/uploads\/2020\/01\/ITAIPBC-Completo.png","contentUrl":"http:\/\/www.itaipbc.org.mx\/itaipBC-2019\/wp-content\/uploads\/2020\/01\/ITAIPBC-Completo.png","width":750,"height":174,"caption":"Instituto de Transparencia Baja California"},"image":{"@id":"https:\/\/www.itaipbc.org.mx\/itaipBC-2019\/#\/schema\/logo\/image\/"}}]}},"_links":{"self":[{"href":"https:\/\/www.itaipbc.org.mx\/itaipBC-2019\/wp-json\/wp\/v2\/pages\/1848","targetHints":{"allow":["GET"]}}],"collection":[{"href":"https:\/\/www.itaipbc.org.mx\/itaipBC-2019\/wp-json\/wp\/v2\/pages"}],"about":[{"href":"https:\/\/www.itaipbc.org.mx\/itaipBC-2019\/wp-json\/wp\/v2\/types\/page"}],"author":[{"embeddable":true,"href":"https:\/\/www.itaipbc.org.mx\/itaipBC-2019\/wp-json\/wp\/v2\/users\/8"}],"replies":[{"embeddable":true,"href":"https:\/\/www.itaipbc.org.mx\/itaipBC-2019\/wp-json\/wp\/v2\/comments?post=1848"}],"version-history":[{"count":13,"href":"https:\/\/www.itaipbc.org.mx\/itaipBC-2019\/wp-json\/wp\/v2\/pages\/1848\/revisions"}],"predecessor-version":[{"id":12699,"href":"https:\/\/www.itaipbc.org.mx\/itaipBC-2019\/wp-json\/wp\/v2\/pages\/1848\/revisions\/12699"}],"wp:attachment":[{"href":"https:\/\/www.itaipbc.org.mx\/itaipBC-2019\/wp-json\/wp\/v2\/media?parent=1848"}],"curies":[{"name":"wp","href":"https:\/\/api.w.org\/{rel}","templated":true}]}}