{"id":12891,"date":"2025-02-05T13:37:14","date_gmt":"2025-02-05T21:37:14","guid":{"rendered":"https:\/\/www.itaipbc.org.mx\/itaipBC-2019\/?page_id=12891"},"modified":"2025-06-11T09:20:34","modified_gmt":"2025-06-11T16:20:34","slug":"pva2025","status":"publish","type":"page","link":"https:\/\/www.itaipbc.org.mx\/itaipBC-2019\/pva2025\/","title":{"rendered":"PROGRAMA DE VERIFICACI\u00d3N ANUAL DEL EJERCICIO 2025"},"content":{"rendered":"<p>[vc_section][vc_row content_placement=&#8221;top&#8221;][vc_column][vc_column_text]<\/p>\n<h3 class=\"c-left c-font-dark c-font-uppercase c-font-bold\" style=\"text-align: center;\">PROGRAMA DE VERIFICACI\u00d3N ANUAL DEL EJERCICIO 2025.<\/h3>\n<p>[\/vc_column_text][vc_empty_space height=&#8221;100px&#8221;][\/vc_column][\/vc_row][\/vc_section][vc_row][vc_column width=&#8221;1\/2&#8243;][vc_empty_space height=&#8221;100px&#8221;][vc_column_text]Por medio del presente, ponemos a su disposici\u00f3n los siguientes archivos para acceder a la normatividad que establece el procedimiento de verificaci\u00f3n y seguimiento del cumplimiento de las obligaciones de transparencia relativas a la carga de informaci\u00f3n p\u00fablica en el portal de internet y\/o en la Plataforma Nacional de Transparencia consistente en los siguientes documentos:[\/vc_column_text][vc_empty_space height=&#8221;100px&#8221;][\/vc_column][vc_column width=&#8221;1\/2&#8243;][vc_raw_html]JTVCdGFibGUlMjBpZCUzRDE4NCUyMCUyRiU1RA==[\/vc_raw_html][\/vc_column][\/vc_row][vc_row][vc_column][vc_tta_accordion active_section=&#8221;0&#8243; collapsible_all=&#8221;true&#8221;][vc_tta_section title=&#8221;CALENDARIO&#8221; tab_id=&#8221;1677538818241-2e371e16-ba8d&#8221;]<figure class=\"sc_image  sc_image_shape_square\"><a href=\"https:\/\/www.itaipbc.org.mx\/itaipBC-2019\/wp-content\/uploads\/2025\/02\/VO_25_Calendario.jpg\"><img decoding=\"async\" src=\"https:\/\/www.itaipbc.org.mx\/itaipBC-2019\/wp-content\/uploads\/2025\/02\/VO_25_Calendario.jpg\" alt=\"\" \/><\/a><\/figure>[\/vc_tta_section][vc_tta_section title=&#8221;RESULTADOS GLOBALES&#8221; tab_id=&#8221;1680301208996-aecd521f-169e&#8221;][\/vc_tta_section][vc_tta_section title=&#8221;GRAFICA DE RESULTADOS&#8221; tab_id=&#8221;1680301253670-8329bd86-8a8a&#8221;][\/vc_tta_section][\/vc_tta_accordion][\/vc_column][\/vc_row][vc_row][vc_column][vc_tta_tour][vc_tta_section title=&#8221;Febrero&#8221; tab_id=&#8221;1709163473949-41a1678f-ed6e&#8221;][modal_popup_box titletext=&#8221;1 &#8211; Secretaria de Infraestructura, Desarrollo Urbano y Reordenaci\u00f3n Territorial&#8221; btntext=&#8221;1 &#8211; Secretaria de Infraestructura, Desarrollo Urbano y Reordenaci\u00f3n Territorial&#8221;]<\/p>\n<ul>\n<li><a href=\"https:\/\/www.itaipbc.org.mx\/files\/PVA\/2025\/Dictamen\/CVS_VO_DVI_001_2025 (SIDURT).pdf\">Dictamen de la verificaci\u00f3n inicial<\/a><\/li>\n<li><a href=\"https:\/\/www.itaipbc.org.mx\/files\/PVA\/2025\/Resolucion\/CVS_VO_RVOI_001_2025 (SIDURT).pdf\">Resoluci\u00f3n de la verificaci\u00f3n de oficio<\/a><\/li>\n<li><a href=\"https:\/\/www.itaipbc.org.mx\/files\/PVA\/2025\/Reportes\/Reporte SIDURT.xlsx\">Reporte de requerimientos<\/a><\/li>\n<li><a href=\"https:\/\/www.itaipbc.org.mx\/files\/PVA\/2025\/Dictamen\/CVS_VO_DVS_SIDURT_001_2025.pdf\">Dictamen de la verificaci\u00f3n de seguimiento<\/a><\/li>\n<li><a href=\"https:\/\/www.itaipbc.org.mx\/files\/PVA\/2025\/Acuerdo\/CVS_VO_ACU_SIDURT_001_2025.pdf\">Acuerdo de cumplimiento<\/a><\/li>\n<\/ul>\n<p>[\/modal_popup_box][vc_empty_space][modal_popup_box titletext=&#8221;2 &#8211; Ayuntamiento de San Quint\u00edn&#8221; btntext=&#8221;2 &#8211; Ayuntamiento de San Quint\u00edn&#8221;]<\/p>\n<ul>\n<li><a href=\"https:\/\/www.itaipbc.org.mx\/files\/PVA\/2025\/Dictamen\/CVS_VO_DVI_002_2025 (AYSQ).pdf\">Dictamen de la verificaci\u00f3n inicial<\/a><\/li>\n<li><a href=\"https:\/\/www.itaipbc.org.mx\/files\/PVA\/2025\/Resolucion\/CVS_VO_RVOI_002_2025 (AYSQ).pdf\">Resoluci\u00f3n de la verificaci\u00f3n de oficio<\/a><\/li>\n<li><a href=\"https:\/\/www.itaipbc.org.mx\/files\/PVA\/2025\/Reportes\/Reporte AYSQ.xlsx\">Reporte de requerimientos<\/a><\/li>\n<li>Dictamen de la verificaci\u00f3n de seguimiento<\/li>\n<li>Acuerdo de cumplimiento<\/li>\n<\/ul>\n<p>[\/modal_popup_box][vc_empty_space][modal_popup_box titletext=&#8221;3 &#8211; Desarrollo Integral de la Familia del Municipio de Tecate&#8221; btntext=&#8221;3 &#8211; Desarrollo Integral de la Familia del Municipio de Tecate&#8221;]<\/p>\n<ul>\n<li><a href=\"https:\/\/www.itaipbc.org.mx\/files\/PVA\/2025\/Dictamen\/CVS_VO_DVI_003_2025 (DIFTECATE).pdf\">Dictamen de la verificaci\u00f3n inicial<\/a><\/li>\n<li><a href=\"https:\/\/www.itaipbc.org.mx\/files\/PVA\/2025\/Resolucion\/CVS_VO_RVOI_003_2025 (DIFTECATE).pdf\">Resoluci\u00f3n de la verificaci\u00f3n de oficio<\/a><\/li>\n<li><a href=\"https:\/\/www.itaipbc.org.mx\/files\/PVA\/2025\/Reportes\/Reporte DIFTECATE.xlsx\">Reporte de requerimientos<\/a><\/li>\n<li><a href=\"https:\/\/www.itaipbc.org.mx\/files\/PVA\/2025\/Dictamen\/CVS_VO_DVS_DIFTECATE_003_2025.pdf\">Dictamen de la verificaci\u00f3n de seguimiento<\/a><\/li>\n<li><a href=\"https:\/\/www.itaipbc.org.mx\/files\/PVA\/2025\/Acuerdo\/CVS_VO_ACU_DIFTECATE_003_2025.pdf\">Acuerdo de cumplimiento<\/a><\/li>\n<\/ul>\n<p>[\/modal_popup_box][vc_empty_space][modal_popup_box titletext=&#8221;4 &#8211; Sindicato \u00danico de Trabajadores al Servicio de los Poderes del Estado, Municipio e Instituciones Descentralizadas de Baja California Secci\u00f3n Ensenada&#8221; btntext=&#8221;4 &#8211; Sindicato \u00danico de Trabajadores al Servicio de los Poderes del Estado, Municipio e Instituciones Descentralizadas de Baja California Secci\u00f3n Ensenada&#8221;]<\/p>\n<ul>\n<li><a href=\"https:\/\/www.itaipbc.org.mx\/files\/PVA\/2025\/Dictamen\/CVS_VO_DVI_004_2025 (SINDICATO ENS).pdf\">Dictamen de la verificaci\u00f3n inicial<\/a><\/li>\n<li><a href=\"https:\/\/www.itaipbc.org.mx\/files\/PVA\/2025\/Resolucion\/CVS_VO_RVOI_004_2025 (SINDICATO ENS).pdf\">Resoluci\u00f3n de la verificaci\u00f3n de oficio<\/a><\/li>\n<li><a href=\"https:\/\/www.itaipbc.org.mx\/files\/PVA\/2025\/Reportes\/Reporte Sindicato Ensenada.xlsx\">Reporte de requerimientos<\/a><\/li>\n<li><a href=\"https:\/\/www.itaipbc.org.mx\/files\/PVA\/2025\/Dictamen\/CVS_VO_DVS_SINDICATO ENS_004_2025.pdf\">Dictamen de la verificaci\u00f3n de seguimiento<\/a><\/li>\n<li><a href=\"https:\/\/www.itaipbc.org.mx\/files\/PVA\/2025\/Acuerdo\/CVS_VO_ACU_SINDICATO ENS_004_2025.pdf\">Acuerdo de cumplimiento<\/a><\/li>\n<\/ul>\n<p>[\/modal_popup_box][vc_empty_space][\/vc_tta_section][vc_tta_section title=&#8221;Marzo&#8221; tab_id=&#8221;1742843601395-42f419eb-30e2&#8243;][modal_popup_box titletext=&#8221;5 &#8211; Comisi\u00f3n Estatal de Servicios P\u00fablicos de Tijuana&#8221; btntext=&#8221;5 &#8211; Comisi\u00f3n Estatal de Servicios P\u00fablicos de Tijuana&#8221;]<\/p>\n<ul>\n<li><a href=\"https:\/\/www.itaipbc.org.mx\/files\/PVA\/2025\/Dictamen\/CVS_VO_DVI_005_2025 (CESPTJ).pdf\">Dictamen de la verificaci\u00f3n inicial<\/a><\/li>\n<li><a href=\"https:\/\/www.itaipbc.org.mx\/files\/PVA\/2025\/Resolucion\/CVS_VO_RVOI_005_2025 (CESPTJ).pdf\">Resoluci\u00f3n de la verificaci\u00f3n de oficio<\/a><\/li>\n<li><a href=\"https:\/\/www.itaipbc.org.mx\/files\/PVA\/2025\/Reportes\/Reporte CESPTJ.XLSX\">Reporte de requerimientos<\/a><\/li>\n<li><a href=\"https:\/\/www.itaipbc.org.mx\/files\/PVA\/2025\/Dictamen\/CVS_VO_DVS_CESPT_005_2025.pdf\">Dictamen de la verificaci\u00f3n de seguimiento<\/a><\/li>\n<li><a href=\"https:\/\/www.itaipbc.org.mx\/files\/PVA\/2025\/Acuerdo\/CVS_VO_ACU_CESPT_005_2025.pdf\">Acuerdo de cumplimiento<\/a><\/li>\n<\/ul>\n<p>[\/modal_popup_box][vc_empty_space][modal_popup_box titletext=&#8221;6 &#8211; Direcci\u00f3n de Comunicaci\u00f3n Social&#8221; btntext=&#8221;6 &#8211; Direcci\u00f3n de Comunicaci\u00f3n Social&#8221;]<\/p>\n<ul>\n<li><a href=\"https:\/\/www.itaipbc.org.mx\/files\/PVA\/2025\/Dictamen\/CVS_VO_DVI_006_2025 (DCS).pdf\">Dictamen de la verificaci\u00f3n inicial<\/a><\/li>\n<li><a href=\"https:\/\/www.itaipbc.org.mx\/files\/PVA\/2025\/Resolucion\/CVS_VO_RVOI_006_2025 (DCS).pdf\">Resoluci\u00f3n de la verificaci\u00f3n de oficio<\/a><\/li>\n<li><a href=\"https:\/\/www.itaipbc.org.mx\/files\/PVA\/2025\/Reportes\/Reporte DCS.XLSX\">Reporte de requerimientos<\/a><\/li>\n<li>Dictamen de la verificaci\u00f3n de seguimiento<\/li>\n<li>Acuerdo de cumplimiento<\/li>\n<\/ul>\n<p><!--more-->[\/modal_popup_box][vc_empty_space][modal_popup_box titletext=&#8221;7 &#8211; Instituto de Servicios Educativos y Pedag\u00f3gicos de Baja California&#8221; btntext=&#8221;7 &#8211; Instituto de Servicios Educativos y Pedag\u00f3gicos de Baja California&#8221;]<\/p>\n<ul>\n<li><a href=\"https:\/\/www.itaipbc.org.mx\/files\/PVA\/2025\/Dictamen\/CVS_VO_DVI_007_2025 (ISEPBC).pdf\">Dictamen de la verificaci\u00f3n inicial<\/a><\/li>\n<li><a href=\"https:\/\/www.itaipbc.org.mx\/files\/PVA\/2025\/Resolucion\/CVS_VO_RVOI_007_2025 (ISEPBC).pdf\">Resoluci\u00f3n de la verificaci\u00f3n de oficio<\/a><\/li>\n<li><a href=\"https:\/\/www.itaipbc.org.mx\/files\/PVA\/2025\/Reportes\/Reporte ISEPBC.XLSX\">Reporte de requerimientos<\/a><\/li>\n<li><a href=\"https:\/\/www.itaipbc.org.mx\/files\/PVA\/2025\/Dictamen\/CVS_VO_DVS_ISEP_007_2025.pdf\">Dictamen de la verificaci\u00f3n de seguimiento<\/a><\/li>\n<li><a href=\"https:\/\/www.itaipbc.org.mx\/files\/PVA\/2025\/Acuerdo\/CVS_VO_ACU_ISEP_007_2025.pdf\">Acuerdo de cumplimiento<\/a><\/li>\n<\/ul>\n<p>[\/modal_popup_box][vc_empty_space][modal_popup_box titletext=&#8221;8 &#8211; Instituto Municipal para la Juventud de Tijuana&#8221; btntext=&#8221;8 &#8211; Instituto Municipal para la Juventud de Tijuana&#8221;]<\/p>\n<ul>\n<li><a href=\"https:\/\/www.itaipbc.org.mx\/files\/PVA\/2025\/Dictamen\/CVS_VO_DVI_008_2025 (IMJUV).pdf\">Dictamen de la verificaci\u00f3n inicial<\/a><\/li>\n<li><a href=\"https:\/\/www.itaipbc.org.mx\/files\/PVA\/2025\/Resolucion\/CVS_VO_RVOI_008_2025 (IMJUV).pdf\">Resoluci\u00f3n de la verificaci\u00f3n de oficio<\/a><\/li>\n<li><a href=\"https:\/\/www.itaipbc.org.mx\/files\/PVA\/2025\/Reportes\/Reporte IMJUV.XLSX\">Reporte de requerimientos<\/a><\/li>\n<li><a href=\"https:\/\/www.itaipbc.org.mx\/files\/PVA\/2025\/Dictamen\/CVS_VO_DVS_IMJUV_008_2025.pdf\">Dictamen de la verificaci\u00f3n de seguimiento<\/a><\/li>\n<li><a href=\"https:\/\/www.itaipbc.org.mx\/files\/PVA\/2025\/Acuerdo\/CVS_VO_ACU_IMJUV_008_2025.pdf\">Acuerdo de cumplimiento<\/a><\/li>\n<\/ul>\n<p>[\/modal_popup_box][vc_empty_space][modal_popup_box titletext=&#8221;9 -Fideicomiso Fondo de Garant\u00edas Complementarias y Cr\u00e9ditos Puente&#8221; btntext=&#8221;9 -Fideicomiso Fondo de Garant\u00edas Complementarias y Cr\u00e9ditos Puente&#8221;]<\/p>\n<ul>\n<li><a href=\"https:\/\/www.itaipbc.org.mx\/files\/PVA\/2025\/Dictamen\/CVS_VO_DVI_009_2025 (FIDFGCCP).pdf\">Dictamen de la verificaci\u00f3n inicial<\/a><\/li>\n<li><a href=\"https:\/\/www.itaipbc.org.mx\/files\/PVA\/2025\/Resolucion\/CVS_VO_RVOI_009_2025 (FIDFGCCP).pdf\">Resoluci\u00f3n de la verificaci\u00f3n de oficio<\/a><\/li>\n<li><a href=\"https:\/\/www.itaipbc.org.mx\/files\/PVA\/2025\/Reportes\/Reporte FIDFGCCP.XLSX\">Reporte de requerimientos<\/a><\/li>\n<li>Dictamen de la verificaci\u00f3n de seguimiento<\/li>\n<li>Acuerdo de cumplimiento<\/li>\n<\/ul>\n<p>[\/modal_popup_box][vc_empty_space][modal_popup_box titletext=&#8221;10 -Instituto Municipal de la Mujer del Municipio de Playas de Rosarito&#8221; btntext=&#8221;10 -Instituto Municipal de la Mujer del Municipio de Playas de Rosarito&#8221;]<\/p>\n<ul>\n<li><a href=\"https:\/\/www.itaipbc.org.mx\/files\/PVA\/2025\/Dictamen\/CVS_VO_DVI_010_2025 (IMMUJERRTO).pdf\">Dictamen de la verificaci\u00f3n inicial<\/a><\/li>\n<li><a href=\"https:\/\/www.itaipbc.org.mx\/files\/PVA\/2025\/Resolucion\/CVS_VO_RVOI_010_2025 (IMMUJERRTO).pdf\">Resoluci\u00f3n de la verificaci\u00f3n de oficio<\/a><\/li>\n<li><a href=\"https:\/\/www.itaipbc.org.mx\/files\/PVA\/2025\/Reportes\/Reporte IMMUJERRTO.XLSX\">Reporte de requerimientos<\/a><\/li>\n<li><a href=\"https:\/\/www.itaipbc.org.mx\/files\/PVA\/2025\/Dictamen\/CVS_VO_DVS_IMMUJERRTO_010_2025.pdf\">Dictamen de la verificaci\u00f3n de seguimiento<\/a><\/li>\n<li><a href=\"https:\/\/www.itaipbc.org.mx\/files\/PVA\/2025\/Acuerdo\/CVS_VO_ACU_IMMUJERRTO_010_2025.pdf\">Acuerdo de cumplimiento<\/a><\/li>\n<\/ul>\n<p>[\/modal_popup_box][vc_empty_space][\/vc_tta_section][vc_tta_section title=&#8221;Mayo&#8221; tab_id=&#8221;1749609263565-21f5e192-f1d4&#8243;][modal_popup_box titletext=&#8221;11 &#8211; Instituto para el Desarrollo Inmobiliario y Vivienda del Estado de Baja California&#8221; btntext=&#8221;11 &#8211; Instituto para el Desarrollo Inmobiliario y Vivienda del Estado de Baja California&#8221;]<\/p>\n<ul>\n<li><a href=\"https:\/\/www.itaipbc.org.mx\/files\/PVA\/2025\/Dictamen\/CVS_VO_DVI_011_2025 (INDIVI).pdf\">Dictamen de la verificaci\u00f3n inicial<\/a><\/li>\n<li><a href=\"https:\/\/www.itaipbc.org.mx\/files\/PVA\/2025\/Resolucion\/CVS_VO_RVOI_011_2025 (INDIVI).pdf\">Resoluci\u00f3n de la verificaci\u00f3n de oficio<\/a><\/li>\n<li><a href=\"https:\/\/www.itaipbc.org.mx\/files\/PVA\/2025\/Reportes\/Reporte INDIVI.XLSX\">Reporte de requerimientos<\/a><\/li>\n<li>Dictamen de la verificaci\u00f3n de seguimiento<\/li>\n<li>Acuerdo de cumplimiento<\/li>\n<\/ul>\n<p>[\/modal_popup_box][vc_empty_space][modal_popup_box titletext=&#8221;12 &#8211; Secretaria de Medio Ambiente y Desarrollo Sustentable&#8221; btntext=&#8221;12 &#8211; Secretaria de Medio Ambiente y Desarrollo Sustentable&#8221;]<\/p>\n<ul>\n<li><a href=\"https:\/\/www.itaipbc.org.mx\/files\/PVA\/2025\/Dictamen\/CVS_VO_DVI_012_2025 (SMADS).pdf\">Dictamen de la verificaci\u00f3n inicial<\/a><\/li>\n<li><a href=\"https:\/\/www.itaipbc.org.mx\/files\/PVA\/2025\/Resolucion\/CVS_VO_RVOI_012_2025 (SMADS).pdf\">Resoluci\u00f3n de la verificaci\u00f3n de oficio<\/a><\/li>\n<li><a href=\"https:\/\/www.itaipbc.org.mx\/files\/PVA\/2025\/Reportes\/Reporte SMADS.XLSX\">Reporte de requerimientos<\/a><\/li>\n<li>Dictamen de la verificaci\u00f3n de seguimiento<\/li>\n<li>Acuerdo de cumplimiento<\/li>\n<\/ul>\n<p>[\/modal_popup_box][vc_empty_space][modal_popup_box titletext=&#8221;13 &#8211; Secretaria de Bienestar&#8221; btntext=&#8221;13 &#8211; Secretaria de Bienestar&#8221;]<\/p>\n<ul>\n<li><a href=\"https:\/\/www.itaipbc.org.mx\/files\/PVA\/2025\/Dictamen\/CVS_VO_DVI_013_2025 (SB).pdf\">Dictamen de la verificaci\u00f3n inicial<\/a><\/li>\n<li><a href=\"https:\/\/www.itaipbc.org.mx\/files\/PVA\/2025\/Resolucion\/CVS_VO_RVOI_013_2025 (SB).pdf\">Resoluci\u00f3n de la verificaci\u00f3n de oficio<\/a><\/li>\n<li><a href=\"https:\/\/www.itaipbc.org.mx\/files\/PVA\/2025\/Reportes\/Reporte SB.XLSX\">Reporte de requerimientos<\/a><\/li>\n<li>Dictamen de la verificaci\u00f3n de seguimiento<\/li>\n<li>Acuerdo de cumplimiento<\/li>\n<\/ul>\n<p>[\/modal_popup_box][vc_empty_space][modal_popup_box titletext=&#8221;14 &#8211; Patronato de las Fiestas del Sol de la Ciudad de Mexicali&#8221; btntext=&#8221;14 &#8211; Patronato de las Fiestas del Sol de la Ciudad de Mexicali&#8221; caption_url=&#8221;&#8221;]<\/p>\n<ul>\n<li><a href=\"https:\/\/www.itaipbc.org.mx\/files\/PVA\/2025\/Dictamen\/CVS_VO_DVI_014_2025 (PFDS).pdf\">Dictamen de la verificaci\u00f3n inicial<\/a><\/li>\n<li><a href=\"https:\/\/www.itaipbc.org.mx\/files\/PVA\/2025\/Resolucion\/CVS_VO_RVOI_014_2025 (PFDS).pdf\">Resoluci\u00f3n de la verificaci\u00f3n de oficio<\/a><\/li>\n<li><a href=\"https:\/\/www.itaipbc.org.mx\/files\/PVA\/2025\/Reportes\/Reporte PFDS.XLSX\">Reporte de requerimientos<\/a><\/li>\n<li>Dictamen de la verificaci\u00f3n de seguimiento<\/li>\n<li>Acuerdo de cumplimiento<\/li>\n<\/ul>\n<p>[\/modal_popup_box][vc_empty_space][modal_popup_box titletext=&#8221;15 &#8211; Fideicomiso Municipal para el Desarrollo Urbano de Ensenada&#8221; btntext=&#8221;15 &#8211; Fideicomiso Municipal para el Desarrollo Urbano de Ensenada&#8221;]<\/p>\n<ul>\n<li><a href=\"https:\/\/www.itaipbc.org.mx\/files\/PVA\/2025\/Dictamen\/CVS_VO_DVI_015_2025 (FIDUE).pdf\">Dictamen de la verificaci\u00f3n inicial<\/a><\/li>\n<li><a href=\"https:\/\/www.itaipbc.org.mx\/files\/PVA\/2025\/Resolucion\/CVS_VO_RVOI_015_2025 (FIDUE).pdf\">Resoluci\u00f3n de la verificaci\u00f3n de oficio<\/a><\/li>\n<li><a href=\"https:\/\/www.itaipbc.org.mx\/files\/PVA\/2025\/Reportes\/Reporte FIDUE.XLSX\">Reporte de requerimientos<\/a><\/li>\n<li>Dictamen de la verificaci\u00f3n de seguimiento<\/li>\n<li>Acuerdo de cumplimiento<\/li>\n<\/ul>\n<p>[\/modal_popup_box][vc_empty_space][modal_popup_box titletext=&#8221;16 &#8211; Fideicomiso para el Desarrollo Urbano de Mexicali&#8221; btntext=&#8221;16 &#8211; Fideicomiso para el Desarrollo Urbano de Mexicali&#8221;]<\/p>\n<ul>\n<li><a href=\"https:\/\/www.itaipbc.org.mx\/files\/PVA\/2025\/Dictamen\/CVS_VO_DVI_016_2025 (FIDUM).pdf\">Dictamen de la verificaci\u00f3n inicial<\/a><\/li>\n<li><a href=\"https:\/\/www.itaipbc.org.mx\/files\/PVA\/2025\/Resolucion\/CVS_VO_RVOI_016_2025 (FIDUM).pdf\">Resoluci\u00f3n de la verificaci\u00f3n de oficio<\/a><\/li>\n<li><a href=\"https:\/\/www.itaipbc.org.mx\/files\/PVA\/2025\/Reportes\/Reporte FIDUM.XLSX\">Reporte de requerimientos<\/a><\/li>\n<li>Dictamen de la verificaci\u00f3n de seguimiento<\/li>\n<li>Acuerdo de cumplimiento<\/li>\n<\/ul>\n<p>[\/modal_popup_box][vc_empty_space][\/vc_tta_section][\/vc_tta_tour][\/vc_column][\/vc_row][vc_row][vc_column][\/vc_column][\/vc_row]<\/p>\n","protected":false},"excerpt":{"rendered":"<p>[vc_section][vc_row content_placement=&#8221;top&#8221;][vc_column][vc_column_text] PROGRAMA DE VERIFICACI\u00d3N ANUAL DEL EJERCICIO 2025. [\/vc_column_text][vc_empty_space height=&#8221;100px&#8221;][\/vc_column][\/vc_row][\/vc_section][vc_row][vc_column width=&#8221;1\/2&#8243;][vc_empty_space height=&#8221;100px&#8221;][vc_column_text]Por medio del presente, ponemos a su disposici\u00f3n los siguientes archivos para acceder a la normatividad que establece el procedimiento de verificaci\u00f3n y seguimiento del cumplimiento de las obligaciones de transparencia relativas a la carga de informaci\u00f3n p\u00fablica en el portal de internet [&hellip;]<\/p>\n","protected":false},"author":11,"featured_media":0,"parent":0,"menu_order":0,"comment_status":"closed","ping_status":"closed","template":"","meta":{"footnotes":""},"class_list":["post-12891","page","type-page","status-publish","hentry"],"yoast_head":"<!-- This site is optimized with the Yoast SEO plugin v26.5 - https:\/\/yoast.com\/wordpress\/plugins\/seo\/ -->\n<title>PROGRAMA DE VERIFICACI\u00d3N ANUAL DEL EJERCICIO 2025 - ItaipBC<\/title>\n<meta name=\"robots\" content=\"index, follow, max-snippet:-1, max-image-preview:large, max-video-preview:-1\" \/>\n<link rel=\"canonical\" href=\"https:\/\/www.itaipbc.org.mx\/itaipBC-2019\/pva2025\/\" \/>\n<meta property=\"og:locale\" content=\"es_ES\" \/>\n<meta property=\"og:type\" content=\"article\" \/>\n<meta property=\"og:title\" content=\"PROGRAMA DE VERIFICACI\u00d3N ANUAL DEL EJERCICIO 2025 - ItaipBC\" \/>\n<meta property=\"og:description\" content=\"[vc_section][vc_row content_placement=&#8221;top&#8221;][vc_column][vc_column_text] PROGRAMA DE VERIFICACI\u00d3N ANUAL DEL EJERCICIO 2025. [\/vc_column_text][vc_empty_space height=&#8221;100px&#8221;][\/vc_column][\/vc_row][\/vc_section][vc_row][vc_column width=&#8221;1\/2&#8243;][vc_empty_space height=&#8221;100px&#8221;][vc_column_text]Por medio del presente, ponemos a su disposici\u00f3n los siguientes archivos para acceder a la normatividad que establece el procedimiento de verificaci\u00f3n y seguimiento del cumplimiento de las obligaciones de transparencia relativas a la carga de informaci\u00f3n p\u00fablica en el portal de internet [&hellip;]\" \/>\n<meta property=\"og:url\" content=\"https:\/\/www.itaipbc.org.mx\/itaipBC-2019\/pva2025\/\" \/>\n<meta property=\"og:site_name\" content=\"ItaipBC\" \/>\n<meta property=\"article:modified_time\" content=\"2025-06-11T16:20:34+00:00\" \/>\n<meta name=\"twitter:card\" content=\"summary_large_image\" \/>\n<meta name=\"twitter:label1\" content=\"Tiempo de lectura\" \/>\n\t<meta name=\"twitter:data1\" content=\"4 minutos\" \/>\n<script type=\"application\/ld+json\" class=\"yoast-schema-graph\">{\"@context\":\"https:\/\/schema.org\",\"@graph\":[{\"@type\":\"WebPage\",\"@id\":\"https:\/\/www.itaipbc.org.mx\/itaipBC-2019\/pva2025\/\",\"url\":\"https:\/\/www.itaipbc.org.mx\/itaipBC-2019\/pva2025\/\",\"name\":\"PROGRAMA DE VERIFICACI\u00d3N ANUAL DEL EJERCICIO 2025 - ItaipBC\",\"isPartOf\":{\"@id\":\"https:\/\/www.itaipbc.org.mx\/itaipBC-2019\/#website\"},\"datePublished\":\"2025-02-05T21:37:14+00:00\",\"dateModified\":\"2025-06-11T16:20:34+00:00\",\"breadcrumb\":{\"@id\":\"https:\/\/www.itaipbc.org.mx\/itaipBC-2019\/pva2025\/#breadcrumb\"},\"inLanguage\":\"es\",\"potentialAction\":[{\"@type\":\"ReadAction\",\"target\":[\"https:\/\/www.itaipbc.org.mx\/itaipBC-2019\/pva2025\/\"]}]},{\"@type\":\"BreadcrumbList\",\"@id\":\"https:\/\/www.itaipbc.org.mx\/itaipBC-2019\/pva2025\/#breadcrumb\",\"itemListElement\":[{\"@type\":\"ListItem\",\"position\":1,\"name\":\"Portada\",\"item\":\"https:\/\/www.itaipbc.org.mx\/itaipBC-2019\/\"},{\"@type\":\"ListItem\",\"position\":2,\"name\":\"PROGRAMA DE VERIFICACI\u00d3N ANUAL DEL EJERCICIO 2025\"}]},{\"@type\":\"WebSite\",\"@id\":\"https:\/\/www.itaipbc.org.mx\/itaipBC-2019\/#website\",\"url\":\"https:\/\/www.itaipbc.org.mx\/itaipBC-2019\/\",\"name\":\"ItaipBC\",\"description\":\"\",\"publisher\":{\"@id\":\"https:\/\/www.itaipbc.org.mx\/itaipBC-2019\/#organization\"},\"potentialAction\":[{\"@type\":\"SearchAction\",\"target\":{\"@type\":\"EntryPoint\",\"urlTemplate\":\"https:\/\/www.itaipbc.org.mx\/itaipBC-2019\/?s={search_term_string}\"},\"query-input\":{\"@type\":\"PropertyValueSpecification\",\"valueRequired\":true,\"valueName\":\"search_term_string\"}}],\"inLanguage\":\"es\"},{\"@type\":\"Organization\",\"@id\":\"https:\/\/www.itaipbc.org.mx\/itaipBC-2019\/#organization\",\"name\":\"Instituto de Transparencia Baja California\",\"url\":\"https:\/\/www.itaipbc.org.mx\/itaipBC-2019\/\",\"logo\":{\"@type\":\"ImageObject\",\"inLanguage\":\"es\",\"@id\":\"https:\/\/www.itaipbc.org.mx\/itaipBC-2019\/#\/schema\/logo\/image\/\",\"url\":\"http:\/\/www.itaipbc.org.mx\/itaipBC-2019\/wp-content\/uploads\/2020\/01\/ITAIPBC-Completo.png\",\"contentUrl\":\"http:\/\/www.itaipbc.org.mx\/itaipBC-2019\/wp-content\/uploads\/2020\/01\/ITAIPBC-Completo.png\",\"width\":750,\"height\":174,\"caption\":\"Instituto de Transparencia Baja California\"},\"image\":{\"@id\":\"https:\/\/www.itaipbc.org.mx\/itaipBC-2019\/#\/schema\/logo\/image\/\"}}]}<\/script>\n<!-- \/ Yoast SEO plugin. -->","yoast_head_json":{"title":"PROGRAMA DE VERIFICACI\u00d3N ANUAL DEL EJERCICIO 2025 - ItaipBC","robots":{"index":"index","follow":"follow","max-snippet":"max-snippet:-1","max-image-preview":"max-image-preview:large","max-video-preview":"max-video-preview:-1"},"canonical":"https:\/\/www.itaipbc.org.mx\/itaipBC-2019\/pva2025\/","og_locale":"es_ES","og_type":"article","og_title":"PROGRAMA DE VERIFICACI\u00d3N ANUAL DEL EJERCICIO 2025 - ItaipBC","og_description":"[vc_section][vc_row content_placement=&#8221;top&#8221;][vc_column][vc_column_text] PROGRAMA DE VERIFICACI\u00d3N ANUAL DEL EJERCICIO 2025. [\/vc_column_text][vc_empty_space height=&#8221;100px&#8221;][\/vc_column][\/vc_row][\/vc_section][vc_row][vc_column width=&#8221;1\/2&#8243;][vc_empty_space height=&#8221;100px&#8221;][vc_column_text]Por medio del presente, ponemos a su disposici\u00f3n los siguientes archivos para acceder a la normatividad que establece el procedimiento de verificaci\u00f3n y seguimiento del cumplimiento de las obligaciones de transparencia relativas a la carga de informaci\u00f3n p\u00fablica en el portal de internet [&hellip;]","og_url":"https:\/\/www.itaipbc.org.mx\/itaipBC-2019\/pva2025\/","og_site_name":"ItaipBC","article_modified_time":"2025-06-11T16:20:34+00:00","twitter_card":"summary_large_image","twitter_misc":{"Tiempo de lectura":"4 minutos"},"schema":{"@context":"https:\/\/schema.org","@graph":[{"@type":"WebPage","@id":"https:\/\/www.itaipbc.org.mx\/itaipBC-2019\/pva2025\/","url":"https:\/\/www.itaipbc.org.mx\/itaipBC-2019\/pva2025\/","name":"PROGRAMA DE VERIFICACI\u00d3N ANUAL DEL EJERCICIO 2025 - ItaipBC","isPartOf":{"@id":"https:\/\/www.itaipbc.org.mx\/itaipBC-2019\/#website"},"datePublished":"2025-02-05T21:37:14+00:00","dateModified":"2025-06-11T16:20:34+00:00","breadcrumb":{"@id":"https:\/\/www.itaipbc.org.mx\/itaipBC-2019\/pva2025\/#breadcrumb"},"inLanguage":"es","potentialAction":[{"@type":"ReadAction","target":["https:\/\/www.itaipbc.org.mx\/itaipBC-2019\/pva2025\/"]}]},{"@type":"BreadcrumbList","@id":"https:\/\/www.itaipbc.org.mx\/itaipBC-2019\/pva2025\/#breadcrumb","itemListElement":[{"@type":"ListItem","position":1,"name":"Portada","item":"https:\/\/www.itaipbc.org.mx\/itaipBC-2019\/"},{"@type":"ListItem","position":2,"name":"PROGRAMA DE VERIFICACI\u00d3N ANUAL DEL EJERCICIO 2025"}]},{"@type":"WebSite","@id":"https:\/\/www.itaipbc.org.mx\/itaipBC-2019\/#website","url":"https:\/\/www.itaipbc.org.mx\/itaipBC-2019\/","name":"ItaipBC","description":"","publisher":{"@id":"https:\/\/www.itaipbc.org.mx\/itaipBC-2019\/#organization"},"potentialAction":[{"@type":"SearchAction","target":{"@type":"EntryPoint","urlTemplate":"https:\/\/www.itaipbc.org.mx\/itaipBC-2019\/?s={search_term_string}"},"query-input":{"@type":"PropertyValueSpecification","valueRequired":true,"valueName":"search_term_string"}}],"inLanguage":"es"},{"@type":"Organization","@id":"https:\/\/www.itaipbc.org.mx\/itaipBC-2019\/#organization","name":"Instituto de Transparencia Baja California","url":"https:\/\/www.itaipbc.org.mx\/itaipBC-2019\/","logo":{"@type":"ImageObject","inLanguage":"es","@id":"https:\/\/www.itaipbc.org.mx\/itaipBC-2019\/#\/schema\/logo\/image\/","url":"http:\/\/www.itaipbc.org.mx\/itaipBC-2019\/wp-content\/uploads\/2020\/01\/ITAIPBC-Completo.png","contentUrl":"http:\/\/www.itaipbc.org.mx\/itaipBC-2019\/wp-content\/uploads\/2020\/01\/ITAIPBC-Completo.png","width":750,"height":174,"caption":"Instituto de Transparencia Baja California"},"image":{"@id":"https:\/\/www.itaipbc.org.mx\/itaipBC-2019\/#\/schema\/logo\/image\/"}}]}},"_links":{"self":[{"href":"https:\/\/www.itaipbc.org.mx\/itaipBC-2019\/wp-json\/wp\/v2\/pages\/12891","targetHints":{"allow":["GET"]}}],"collection":[{"href":"https:\/\/www.itaipbc.org.mx\/itaipBC-2019\/wp-json\/wp\/v2\/pages"}],"about":[{"href":"https:\/\/www.itaipbc.org.mx\/itaipBC-2019\/wp-json\/wp\/v2\/types\/page"}],"author":[{"embeddable":true,"href":"https:\/\/www.itaipbc.org.mx\/itaipBC-2019\/wp-json\/wp\/v2\/users\/11"}],"replies":[{"embeddable":true,"href":"https:\/\/www.itaipbc.org.mx\/itaipBC-2019\/wp-json\/wp\/v2\/comments?post=12891"}],"version-history":[{"count":31,"href":"https:\/\/www.itaipbc.org.mx\/itaipBC-2019\/wp-json\/wp\/v2\/pages\/12891\/revisions"}],"predecessor-version":[{"id":13161,"href":"https:\/\/www.itaipbc.org.mx\/itaipBC-2019\/wp-json\/wp\/v2\/pages\/12891\/revisions\/13161"}],"wp:attachment":[{"href":"https:\/\/www.itaipbc.org.mx\/itaipBC-2019\/wp-json\/wp\/v2\/media?parent=12891"}],"curies":[{"name":"wp","href":"https:\/\/api.w.org\/{rel}","templated":true}]}}