{"id":116,"date":"2016-01-15T14:19:34","date_gmt":"2016-01-15T14:19:34","guid":{"rendered":"https:\/\/itaipbc.marketerogeek.com\/contacts\/"},"modified":"2023-01-31T10:51:43","modified_gmt":"2023-01-31T18:51:43","slug":"contacto","status":"publish","type":"page","link":"https:\/\/www.itaipbc.org.mx\/itaipBC-2019\/contacto\/","title":{"rendered":"CONTACTO"},"content":{"rendered":"<p>[vc_row full_width=&#8221;stretch_row_content&#8221;][vc_column width=&#8221;1\/2&#8243;][vc_raw_html]JTNDY2VudGVyJTNFJTNDaWZyYW1lJTIwc3JjJTNEJTIyaHR0cHMlM0ElMkYlMkZ3d3cuZ29vZ2xlLmNvbSUyRm1hcHMlMkZlbWJlZCUzRnBiJTNEJTIxMW0xOCUyMTFtMTIlMjExbTMlMjExZDcwNi4xODQ0MDU1MjE5ODMyJTIxMmQtMTE1LjQ2NDIwODQ2NjUxNjU0JTIxM2QzMi42NTQxNzI3MDE1Nzg4NSUyMTJtMyUyMTFmMCUyMTJmMCUyMTNmMCUyMTNtMiUyMTFpMTAyNCUyMTJpNzY4JTIxNGYxMy4xJTIxM20zJTIxMW0yJTIxMXMweDgwZDc3YTgzNzkwZTU4ODUlMjUzQTB4MzhhMDBlODNhZjU4ODQ0MiUyMTJzSW5zdGl0dXRvJTI1MjBkZSUyNTIwVHJhbnNwYXJlbmNpYSUyNTJDJTI1MjBBY2Nlc28lMjUyMGElMjUyMGxhJTI1MjBJbmZvcm1hY2klMjVDMyUyNUIzbiUyNTIwUCUyNUMzJTI1QkFibGljYSUyNTIweSUyNTIwUHJvdGVjY2klMjVDMyUyNUIzbiUyNTIwZGUlMjUyMERhdG9zJTI1MjBQZXJzb25hbGVzJTI1MjBkZWwlMjUyMEVzdGFkbyUyNTIwJTI4SVRBSVAlMjklMjE1ZTAlMjEzbTIlMjExc2VzLTQxOSUyMTJzbXglMjE0djE2NzUxOTA5MDIwMTYlMjE1bTIlMjExc2VzLTQxOSUyMTJzbXglMjIlMjB3aWR0aCUzRCUyMjYwMCUyMiUyMGhlaWdodCUzRCUyMjQ1MCUyMiUyMHN0eWxlJTNEJTIyYm9yZGVyJTNBMCUzQiUyMiUyMGFsbG93ZnVsbHNjcmVlbiUzRCUyMiUyMiUyMGxvYWRpbmclM0QlMjJsYXp5JTIyJTIwcmVmZXJyZXJwb2xpY3klM0QlMjJuby1yZWZlcnJlci13aGVuLWRvd25ncmFkZSUyMiUzRSUzQyUyRmlmcmFtZSUzRSUzQyUyRmNlbnRlciUzRQ==[\/vc_raw_html][\/vc_column][vc_column width=&#8221;1\/2&#8243;][vc_raw_html]JTNDY2VudGVyJTNFJTNDaWZyYW1lJTIwc3JjJTNEJTIyaHR0cHMlM0ElMkYlMkZ3d3cuZ29vZ2xlLmNvbSUyRm1hcHMlMkZlbWJlZCUzRnBiJTNEJTIxMW0xOCUyMTFtMTIlMjExbTMlMjExZDMxNzUuMjc2OTM0NTMyNTElMjEyZC0xMTcuMDE3NTkwNzkzOTkzNTUlMjEzZDMyLjUyMzc4MDI2NTk2NzkzJTIxMm0zJTIxMWYwJTIxMmYwJTIxM2YwJTIxM20yJTIxMWkxMDI0JTIxMmk3NjglMjE0ZjEzLjElMjEzbTMlMjExbTIlMjExczB4ODBkOTQ4MDBkYWU4MmQxOSUyNTNBMHg3M2ZiN2NjNzI0NTgzNGZhJTIxMnNJbnN0aXR1dG8lMjUyMGRlJTI1MjBUcmFuc3BhcmVuY2lhJTI1MkMlMjUyMEFjY2VzbyUyNTIwYSUyNTIwbGElMjUyMEluZm9ybWFjaSUyNUMzJTI1QjNuJTI1MjBQJTI1QzMlMjVCQWJsaWNhJTI1MjB5JTI1MjBQcm90ZWNjaSUyNUMzJTI1QjNuJTI1MjBkZSUyNTIwRGF0b3MlMjUyMFBlcnNvbmFsZXMlMjUyMGRlbCUyNTIwRXN0YWRvJTI1MjBkZSUyNTIwQmFqYSUyNTIwQ2FsaWZvcm5pYSUyNTIwJTI4RGVsZWdhY2klMjVDMyUyNUIzbiUyNTIwVGlqdWFuYSUyOSUyMTVlMCUyMTNtMiUyMTFzZXMtNDE5JTIxMnNteCUyMTR2MTY3NTE5MDUwNTc3MSUyMTVtMiUyMTFzZXMtNDE5JTIxMnNteCUyMiUyMHdpZHRoJTNEJTIyNjAwJTIyJTIwaGVpZ2h0JTNEJTIyNDUwJTIyJTIwc3R5bGUlM0QlMjJib3JkZXIlM0EwJTNCJTIyJTIwYWxsb3dmdWxsc2NyZWVuJTNEJTIyJTIyJTIwbG9hZGluZyUzRCUyMmxhenklMjIlMjByZWZlcnJlcnBvbGljeSUzRCUyMm5vLXJlZmVycmVyLXdoZW4tZG93bmdyYWRlJTIyJTNFJTNDJTJGaWZyYW1lJTNFJTNDJTJGY2VudGVyJTNF[\/vc_raw_html][\/vc_column][\/vc_row][vc_row][vc_column width=&#8221;1\/4&#8243;][vc_empty_space][vc_column_text]<\/p>\n<div class=\"mpc-icon-column mpc-parent-hover mpc-transition mpc-icon-column--style_3 mpc-align--left mpc-inited\" data-id=\"mpc_icon_column-3862c7baf7c1e41\">\n<div class=\"mpc-icon-column__content-wrap\">\n<div class=\"mpc-icon-column__content\">\n<h5 class=\"mpc-icon-column__heading mpc-typography--mpc_preset_20 mpc-transition\">DIRECCI\u00d3N:<\/h5>\n<div class=\"mpc-icon-column__description mpc-typography--mpc_preset_1 mpc-transition\">\n<p>Avenida Carpinteros y Calle H, Numero 1598, Colonia Industrial C.P. 21010, Mexicali Baja California.<\/p>\n<\/div>\n<\/div>\n<\/div>\n<\/div>\n<div class=\"mpc-icon-column mpc-parent-hover mpc-transition mpc-icon-column--style_3 mpc-align--left mpc-inited\" data-id=\"mpc_icon_column-962c7baf7c1fdf\">\n<div class=\"mpc-icon mpc-transition mpc-effect-none mpc-icon-hover mpc-inited\" data-id=\"mpc_icon-9662c7baf7c200d\">\n<div class=\"mpc-icon-wrap\"><\/div>\n<\/div>\n<div class=\"mpc-icon-column__content-wrap\">\n<div class=\"mpc-icon-column__content\">\n<h5 class=\"mpc-icon-column__heading mpc-typography--mpc_preset_20 mpc-transition\">N\u00daMERO TELEF\u00d3NICO:<\/h5>\n<div class=\"mpc-icon-column__description mpc-typography--mpc_preset_1 mpc-transition\">\n<p><a href=\"tel:6865586220\">(686) 5586220<\/a><\/p>\n<\/div>\n<\/div>\n<\/div>\n<\/div>\n<div class=\"mpc-icon-column mpc-parent-hover mpc-transition mpc-icon-column--style_3 mpc-align--left mpc-inited\" data-id=\"mpc_icon_column-3862c7baf7c20e6\">\n<div class=\"mpc-icon mpc-transition mpc-effect-none mpc-icon-hover mpc-inited\" data-id=\"mpc_icon-4862c7baf7c210d\">\n<div class=\"mpc-icon-wrap\"><\/div>\n<\/div>\n<div class=\"mpc-icon-column__content-wrap\">\n<div class=\"mpc-icon-column__content\">\n<div class=\"mpc-icon-column__description mpc-typography--mpc_preset_1 mpc-transition\">\n<p>&nbsp;<\/p>\n<\/div>\n<\/div>\n<\/div>\n<\/div>\n<p>[\/vc_column_text][\/vc_column][vc_column width=&#8221;1\/2&#8243;][\/vc_column][vc_column width=&#8221;1\/4&#8243;][vc_empty_space][vc_column_text]<\/p>\n<div class=\"mpc-icon-column mpc-parent-hover mpc-transition mpc-icon-column--style_3 mpc-align--left mpc-inited\" data-id=\"mpc_icon_column-3862c7baf7c1e41\">\n<div class=\"mpc-icon-column__content-wrap\">\n<div class=\"mpc-icon-column__content\">\n<h5 class=\"mpc-icon-column__heading mpc-typography--mpc_preset_20 mpc-transition\">DIRECCI\u00d3N:<\/h5>\n<div class=\"mpc-icon-column__description mpc-typography--mpc_preset_1 mpc-transition\">\n<p>Calle Rufino Tamayo Numero 9970 Locales 2 y 3, Zona R\u00edo, C.P. 22320 Tijuana Baja California.<\/p>\n<\/div>\n<\/div>\n<\/div>\n<\/div>\n<div class=\"mpc-icon-column mpc-parent-hover mpc-transition mpc-icon-column--style_3 mpc-align--left mpc-inited\" data-id=\"mpc_icon_column-962c7baf7c1fdf\">\n<div class=\"mpc-icon mpc-transition mpc-effect-none mpc-icon-hover mpc-inited\" data-id=\"mpc_icon-9662c7baf7c200d\">\n<div class=\"mpc-icon-wrap\"><\/div>\n<\/div>\n<div class=\"mpc-icon-column__content-wrap\">\n<div class=\"mpc-icon-column__content\">\n<h5 class=\"mpc-icon-column__heading mpc-typography--mpc_preset_20 mpc-transition\">N\u00daMERO TELEF\u00d3NICO:<\/h5>\n<div class=\"mpc-icon-column__description mpc-typography--mpc_preset_1 mpc-transition\">\n<p><a href=\"tel:6646211305\">(664) 6211305<\/a><\/p>\n<\/div>\n<\/div>\n<\/div>\n<\/div>\n<div class=\"mpc-icon-column mpc-parent-hover mpc-transition mpc-icon-column--style_3 mpc-align--left mpc-inited\" data-id=\"mpc_icon_column-3862c7baf7c20e6\">\n<div class=\"mpc-icon mpc-transition mpc-effect-none mpc-icon-hover mpc-inited\" data-id=\"mpc_icon-4862c7baf7c210d\">\n<div class=\"mpc-icon-wrap\"><\/div>\n<\/div>\n<div class=\"mpc-icon-column__content-wrap\">\n<div class=\"mpc-icon-column__content\">\n<div class=\"mpc-icon-column__description mpc-typography--mpc_preset_1 mpc-transition\">\n<p>&nbsp;<\/p>\n<\/div>\n<\/div>\n<\/div>\n<\/div>\n<p>[\/vc_column_text][\/vc_column][\/vc_row][vc_row el_class=&#8221;contact_us&#8221; css=&#8221;.vc_custom_1555479716565{margin-bottom: 5.2em !important;}&#8221;][vc_column width=&#8221;1\/2&#8243;]<h4 class=\"sc_title sc_title_regular sc_align_left\" style=\"text-align:left;\">Cont\u00e1ctanos<\/h4>\n<div class=\"wpcf7 no-js\" id=\"wpcf7-f110-o1\" lang=\"es-ES\" dir=\"ltr\" data-wpcf7-id=\"110\">\n<div class=\"screen-reader-response\"><p role=\"status\" aria-live=\"polite\" aria-atomic=\"true\"><\/p> <ul><\/ul><\/div>\n<form action=\"\/itaipBC-2019\/wp-json\/wp\/v2\/pages\/116#wpcf7-f110-o1\" method=\"post\" class=\"wpcf7-form init\" aria-label=\"Formulario de contacto\" novalidate=\"novalidate\" data-status=\"init\">\n<fieldset class=\"hidden-fields-container\"><input type=\"hidden\" name=\"_wpcf7\" value=\"110\" \/><input type=\"hidden\" name=\"_wpcf7_version\" value=\"6.1.4\" \/><input type=\"hidden\" name=\"_wpcf7_locale\" value=\"es_ES\" \/><input type=\"hidden\" name=\"_wpcf7_unit_tag\" value=\"wpcf7-f110-o1\" \/><input type=\"hidden\" name=\"_wpcf7_container_post\" value=\"0\" \/><input type=\"hidden\" name=\"_wpcf7_posted_data_hash\" value=\"\" \/>\n<\/fieldset>\n<label> Tu nombre (requerido)\n    <span class=\"wpcf7-form-control-wrap\" data-name=\"your-name\"><input size=\"40\" maxlength=\"400\" class=\"wpcf7-form-control wpcf7-text wpcf7-validates-as-required\" aria-required=\"true\" aria-invalid=\"false\" value=\"\" type=\"text\" name=\"your-name\" \/><\/span> <\/label>\n\n<label> Tu correo electr\u00f3nico (requerido)\n    <span class=\"wpcf7-form-control-wrap\" data-name=\"your-email\"><input size=\"40\" maxlength=\"400\" class=\"wpcf7-form-control wpcf7-email wpcf7-validates-as-required wpcf7-text wpcf7-validates-as-email\" aria-required=\"true\" aria-invalid=\"false\" value=\"\" type=\"email\" name=\"your-email\" \/><\/span> <\/label>\n\n<label> Asunto\n    <span class=\"wpcf7-form-control-wrap\" data-name=\"your-subject\"><input size=\"40\" maxlength=\"400\" class=\"wpcf7-form-control wpcf7-text\" aria-invalid=\"false\" value=\"\" type=\"text\" name=\"your-subject\" \/><\/span> <\/label>\n\n<label> Tu mensaje\n    <span class=\"wpcf7-form-control-wrap\" data-name=\"your-message\"><textarea cols=\"40\" rows=\"10\" maxlength=\"2000\" class=\"wpcf7-form-control wpcf7-textarea\" aria-invalid=\"false\" name=\"your-message\"><\/textarea><\/span> <\/label>\n\n<input class=\"wpcf7-form-control wpcf7-submit has-spinner\" type=\"submit\" value=\"Enviar\" \/><div class=\"wpcf7-response-output\" aria-hidden=\"true\"><\/div>\n<\/form>\n<\/div>\n[\/vc_column][vc_column width=&#8221;1\/6&#8243;][\/vc_column][vc_column width=&#8221;1\/3&#8243;][vc_column_text]<\/p>\n<div class=\"mpc-icon-column mpc-parent-hover mpc-transition mpc-icon-column--style_3 mpc-align--left mpc-inited\" data-id=\"mpc_icon_column-3862c7baf7c1e41\">\n<div class=\"mpc-icon-column__content-wrap\">\n<div class=\"mpc-icon-column__content\">\n<h5 class=\"mpc-icon-column__heading mpc-typography--mpc_preset_20 mpc-transition\">CORREO ELECTR\u00d3NICO:<\/h5>\n<div class=\"mpc-icon-column__description mpc-typography--mpc_preset_1 mpc-transition\">\n<p><a href=\"mailto:transparencia@itaipbc.org.mx\">transparencia@itaipbc.org.mx<\/a><\/p>\n<\/div>\n<\/div>\n<\/div>\n<\/div>\n<p>[\/vc_column_text][\/vc_column][\/vc_row]<\/p>\n","protected":false},"excerpt":{"rendered":"<p>[vc_row full_width=&#8221;stretch_row_content&#8221;][vc_column width=&#8221;1\/2&#8243;][vc_raw_html]JTNDY2VudGVyJTNFJTNDaWZyYW1lJTIwc3JjJTNEJTIyaHR0cHMlM0ElMkYlMkZ3d3cuZ29vZ2xlLmNvbSUyRm1hcHMlMkZlbWJlZCUzRnBiJTNEJTIxMW0xOCUyMTFtMTIlMjExbTMlMjExZDcwNi4xODQ0MDU1MjE5ODMyJTIxMmQtMTE1LjQ2NDIwODQ2NjUxNjU0JTIxM2QzMi42NTQxNzI3MDE1Nzg4NSUyMTJtMyUyMTFmMCUyMTJmMCUyMTNmMCUyMTNtMiUyMTFpMTAyNCUyMTJpNzY4JTIxNGYxMy4xJTIxM20zJTIxMW0yJTIxMXMweDgwZDc3YTgzNzkwZTU4ODUlMjUzQTB4MzhhMDBlODNhZjU4ODQ0MiUyMTJzSW5zdGl0dXRvJTI1MjBkZSUyNTIwVHJhbnNwYXJlbmNpYSUyNTJDJTI1MjBBY2Nlc28lMjUyMGElMjUyMGxhJTI1MjBJbmZvcm1hY2klMjVDMyUyNUIzbiUyNTIwUCUyNUMzJTI1QkFibGljYSUyNTIweSUyNTIwUHJvdGVjY2klMjVDMyUyNUIzbiUyNTIwZGUlMjUyMERhdG9zJTI1MjBQZXJzb25hbGVzJTI1MjBkZWwlMjUyMEVzdGFkbyUyNTIwJTI4SVRBSVAlMjklMjE1ZTAlMjEzbTIlMjExc2VzLTQxOSUyMTJzbXglMjE0djE2NzUxOTA5MDIwMTYlMjE1bTIlMjExc2VzLTQxOSUyMTJzbXglMjIlMjB3aWR0aCUzRCUyMjYwMCUyMiUyMGhlaWdodCUzRCUyMjQ1MCUyMiUyMHN0eWxlJTNEJTIyYm9yZGVyJTNBMCUzQiUyMiUyMGFsbG93ZnVsbHNjcmVlbiUzRCUyMiUyMiUyMGxvYWRpbmclM0QlMjJsYXp5JTIyJTIwcmVmZXJyZXJwb2xpY3klM0QlMjJuby1yZWZlcnJlci13aGVuLWRvd25ncmFkZSUyMiUzRSUzQyUyRmlmcmFtZSUzRSUzQyUyRmNlbnRlciUzRQ==[\/vc_raw_html][\/vc_column][vc_column width=&#8221;1\/2&#8243;][vc_raw_html]JTNDY2VudGVyJTNFJTNDaWZyYW1lJTIwc3JjJTNEJTIyaHR0cHMlM0ElMkYlMkZ3d3cuZ29vZ2xlLmNvbSUyRm1hcHMlMkZlbWJlZCUzRnBiJTNEJTIxMW0xOCUyMTFtMTIlMjExbTMlMjExZDMxNzUuMjc2OTM0NTMyNTElMjEyZC0xMTcuMDE3NTkwNzkzOTkzNTUlMjEzZDMyLjUyMzc4MDI2NTk2NzkzJTIxMm0zJTIxMWYwJTIxMmYwJTIxM2YwJTIxM20yJTIxMWkxMDI0JTIxMmk3NjglMjE0ZjEzLjElMjEzbTMlMjExbTIlMjExczB4ODBkOTQ4MDBkYWU4MmQxOSUyNTNBMHg3M2ZiN2NjNzI0NTgzNGZhJTIxMnNJbnN0aXR1dG8lMjUyMGRlJTI1MjBUcmFuc3BhcmVuY2lhJTI1MkMlMjUyMEFjY2VzbyUyNTIwYSUyNTIwbGElMjUyMEluZm9ybWFjaSUyNUMzJTI1QjNuJTI1MjBQJTI1QzMlMjVCQWJsaWNhJTI1MjB5JTI1MjBQcm90ZWNjaSUyNUMzJTI1QjNuJTI1MjBkZSUyNTIwRGF0b3MlMjUyMFBlcnNvbmFsZXMlMjUyMGRlbCUyNTIwRXN0YWRvJTI1MjBkZSUyNTIwQmFqYSUyNTIwQ2FsaWZvcm5pYSUyNTIwJTI4RGVsZWdhY2klMjVDMyUyNUIzbiUyNTIwVGlqdWFuYSUyOSUyMTVlMCUyMTNtMiUyMTFzZXMtNDE5JTIxMnNteCUyMTR2MTY3NTE5MDUwNTc3MSUyMTVtMiUyMTFzZXMtNDE5JTIxMnNteCUyMiUyMHdpZHRoJTNEJTIyNjAwJTIyJTIwaGVpZ2h0JTNEJTIyNDUwJTIyJTIwc3R5bGUlM0QlMjJib3JkZXIlM0EwJTNCJTIyJTIwYWxsb3dmdWxsc2NyZWVuJTNEJTIyJTIyJTIwbG9hZGluZyUzRCUyMmxhenklMjIlMjByZWZlcnJlcnBvbGljeSUzRCUyMm5vLXJlZmVycmVyLXdoZW4tZG93bmdyYWRlJTIyJTNFJTNDJTJGaWZyYW1lJTNFJTNDJTJGY2VudGVyJTNF[\/vc_raw_html][\/vc_column][\/vc_row][vc_row][vc_column width=&#8221;1\/4&#8243;][vc_empty_space][vc_column_text] DIRECCI\u00d3N: Avenida Carpinteros y Calle H, Numero 1598, Colonia Industrial C.P. 21010, Mexicali Baja California. N\u00daMERO TELEF\u00d3NICO: (686) 5586220 &nbsp; [\/vc_column_text][\/vc_column][vc_column width=&#8221;1\/2&#8243;][\/vc_column][vc_column width=&#8221;1\/4&#8243;][vc_empty_space][vc_column_text] DIRECCI\u00d3N: Calle Rufino Tamayo Numero 9970 Locales 2 y 3, Zona R\u00edo, C.P. 22320 Tijuana Baja California. N\u00daMERO TELEF\u00d3NICO: (664) 6211305 &nbsp; [\/vc_column_text][\/vc_column][\/vc_row][vc_row el_class=&#8221;contact_us&#8221; css=&#8221;.vc_custom_1555479716565{margin-bottom: 5.2em !important;}&#8221;][vc_column [&hellip;]<\/p>\n","protected":false},"author":8,"featured_media":0,"parent":0,"menu_order":0,"comment_status":"closed","ping_status":"closed","template":"","meta":{"footnotes":""},"class_list":["post-116","page","type-page","status-publish","hentry"],"yoast_head":"<!-- This site is optimized with the Yoast SEO plugin v26.5 - https:\/\/yoast.com\/wordpress\/plugins\/seo\/ -->\n<title>CONTACTO - ItaipBC<\/title>\n<meta name=\"robots\" content=\"index, follow, max-snippet:-1, max-image-preview:large, max-video-preview:-1\" \/>\n<link rel=\"canonical\" href=\"https:\/\/www.itaipbc.org.mx\/itaipBC-2019\/contacto\/\" \/>\n<meta property=\"og:locale\" content=\"es_ES\" \/>\n<meta property=\"og:type\" content=\"article\" \/>\n<meta property=\"og:title\" content=\"CONTACTO - ItaipBC\" \/>\n<meta property=\"og:description\" content=\"[vc_row full_width=&#8221;stretch_row_content&#8221;][vc_column width=&#8221;1\/2&#8243;][vc_raw_html]JTNDY2VudGVyJTNFJTNDaWZyYW1lJTIwc3JjJTNEJTIyaHR0cHMlM0ElMkYlMkZ3d3cuZ29vZ2xlLmNvbSUyRm1hcHMlMkZlbWJlZCUzRnBiJTNEJTIxMW0xOCUyMTFtMTIlMjExbTMlMjExZDcwNi4xODQ0MDU1MjE5ODMyJTIxMmQtMTE1LjQ2NDIwODQ2NjUxNjU0JTIxM2QzMi42NTQxNzI3MDE1Nzg4NSUyMTJtMyUyMTFmMCUyMTJmMCUyMTNmMCUyMTNtMiUyMTFpMTAyNCUyMTJpNzY4JTIxNGYxMy4xJTIxM20zJTIxMW0yJTIxMXMweDgwZDc3YTgzNzkwZTU4ODUlMjUzQTB4MzhhMDBlODNhZjU4ODQ0MiUyMTJzSW5zdGl0dXRvJTI1MjBkZSUyNTIwVHJhbnNwYXJlbmNpYSUyNTJDJTI1MjBBY2Nlc28lMjUyMGElMjUyMGxhJTI1MjBJbmZvcm1hY2klMjVDMyUyNUIzbiUyNTIwUCUyNUMzJTI1QkFibGljYSUyNTIweSUyNTIwUHJvdGVjY2klMjVDMyUyNUIzbiUyNTIwZGUlMjUyMERhdG9zJTI1MjBQZXJzb25hbGVzJTI1MjBkZWwlMjUyMEVzdGFkbyUyNTIwJTI4SVRBSVAlMjklMjE1ZTAlMjEzbTIlMjExc2VzLTQxOSUyMTJzbXglMjE0djE2NzUxOTA5MDIwMTYlMjE1bTIlMjExc2VzLTQxOSUyMTJzbXglMjIlMjB3aWR0aCUzRCUyMjYwMCUyMiUyMGhlaWdodCUzRCUyMjQ1MCUyMiUyMHN0eWxlJTNEJTIyYm9yZGVyJTNBMCUzQiUyMiUyMGFsbG93ZnVsbHNjcmVlbiUzRCUyMiUyMiUyMGxvYWRpbmclM0QlMjJsYXp5JTIyJTIwcmVmZXJyZXJwb2xpY3klM0QlMjJuby1yZWZlcnJlci13aGVuLWRvd25ncmFkZSUyMiUzRSUzQyUyRmlmcmFtZSUzRSUzQyUyRmNlbnRlciUzRQ==[\/vc_raw_html][\/vc_column][vc_column width=&#8221;1\/2&#8243;][vc_raw_html]JTNDY2VudGVyJTNFJTNDaWZyYW1lJTIwc3JjJTNEJTIyaHR0cHMlM0ElMkYlMkZ3d3cuZ29vZ2xlLmNvbSUyRm1hcHMlMkZlbWJlZCUzRnBiJTNEJTIxMW0xOCUyMTFtMTIlMjExbTMlMjExZDMxNzUuMjc2OTM0NTMyNTElMjEyZC0xMTcuMDE3NTkwNzkzOTkzNTUlMjEzZDMyLjUyMzc4MDI2NTk2NzkzJTIxMm0zJTIxMWYwJTIxMmYwJTIxM2YwJTIxM20yJTIxMWkxMDI0JTIxMmk3NjglMjE0ZjEzLjElMjEzbTMlMjExbTIlMjExczB4ODBkOTQ4MDBkYWU4MmQxOSUyNTNBMHg3M2ZiN2NjNzI0NTgzNGZhJTIxMnNJbnN0aXR1dG8lMjUyMGRlJTI1MjBUcmFuc3BhcmVuY2lhJTI1MkMlMjUyMEFjY2VzbyUyNTIwYSUyNTIwbGElMjUyMEluZm9ybWFjaSUyNUMzJTI1QjNuJTI1MjBQJTI1QzMlMjVCQWJsaWNhJTI1MjB5JTI1MjBQcm90ZWNjaSUyNUMzJTI1QjNuJTI1MjBkZSUyNTIwRGF0b3MlMjUyMFBlcnNvbmFsZXMlMjUyMGRlbCUyNTIwRXN0YWRvJTI1MjBkZSUyNTIwQmFqYSUyNTIwQ2FsaWZvcm5pYSUyNTIwJTI4RGVsZWdhY2klMjVDMyUyNUIzbiUyNTIwVGlqdWFuYSUyOSUyMTVlMCUyMTNtMiUyMTFzZXMtNDE5JTIxMnNteCUyMTR2MTY3NTE5MDUwNTc3MSUyMTVtMiUyMTFzZXMtNDE5JTIxMnNteCUyMiUyMHdpZHRoJTNEJTIyNjAwJTIyJTIwaGVpZ2h0JTNEJTIyNDUwJTIyJTIwc3R5bGUlM0QlMjJib3JkZXIlM0EwJTNCJTIyJTIwYWxsb3dmdWxsc2NyZWVuJTNEJTIyJTIyJTIwbG9hZGluZyUzRCUyMmxhenklMjIlMjByZWZlcnJlcnBvbGljeSUzRCUyMm5vLXJlZmVycmVyLXdoZW4tZG93bmdyYWRlJTIyJTNFJTNDJTJGaWZyYW1lJTNFJTNDJTJGY2VudGVyJTNF[\/vc_raw_html][\/vc_column][\/vc_row][vc_row][vc_column width=&#8221;1\/4&#8243;][vc_empty_space][vc_column_text] DIRECCI\u00d3N: Avenida Carpinteros y Calle H, Numero 1598, Colonia Industrial C.P. 21010, Mexicali Baja California. N\u00daMERO TELEF\u00d3NICO: (686) 5586220 &nbsp; [\/vc_column_text][\/vc_column][vc_column width=&#8221;1\/2&#8243;][\/vc_column][vc_column width=&#8221;1\/4&#8243;][vc_empty_space][vc_column_text] DIRECCI\u00d3N: Calle Rufino Tamayo Numero 9970 Locales 2 y 3, Zona R\u00edo, C.P. 22320 Tijuana Baja California. N\u00daMERO TELEF\u00d3NICO: (664) 6211305 &nbsp; [\/vc_column_text][\/vc_column][\/vc_row][vc_row el_class=&#8221;contact_us&#8221; css=&#8221;.vc_custom_1555479716565{margin-bottom: 5.2em !important;}&#8221;][vc_column [&hellip;]\" \/>\n<meta property=\"og:url\" content=\"https:\/\/www.itaipbc.org.mx\/itaipBC-2019\/contacto\/\" \/>\n<meta property=\"og:site_name\" content=\"ItaipBC\" \/>\n<meta property=\"article:modified_time\" content=\"2023-01-31T18:51:43+00:00\" \/>\n<meta name=\"twitter:card\" content=\"summary_large_image\" \/>\n<meta name=\"twitter:label1\" content=\"Tiempo de lectura\" \/>\n\t<meta name=\"twitter:data1\" content=\"1 minuto\" \/>\n<script type=\"application\/ld+json\" class=\"yoast-schema-graph\">{\"@context\":\"https:\/\/schema.org\",\"@graph\":[{\"@type\":\"WebPage\",\"@id\":\"https:\/\/www.itaipbc.org.mx\/itaipBC-2019\/contacto\/\",\"url\":\"https:\/\/www.itaipbc.org.mx\/itaipBC-2019\/contacto\/\",\"name\":\"CONTACTO - ItaipBC\",\"isPartOf\":{\"@id\":\"https:\/\/www.itaipbc.org.mx\/itaipBC-2019\/#website\"},\"datePublished\":\"2016-01-15T14:19:34+00:00\",\"dateModified\":\"2023-01-31T18:51:43+00:00\",\"breadcrumb\":{\"@id\":\"https:\/\/www.itaipbc.org.mx\/itaipBC-2019\/contacto\/#breadcrumb\"},\"inLanguage\":\"es\",\"potentialAction\":[{\"@type\":\"ReadAction\",\"target\":[\"https:\/\/www.itaipbc.org.mx\/itaipBC-2019\/contacto\/\"]}]},{\"@type\":\"BreadcrumbList\",\"@id\":\"https:\/\/www.itaipbc.org.mx\/itaipBC-2019\/contacto\/#breadcrumb\",\"itemListElement\":[{\"@type\":\"ListItem\",\"position\":1,\"name\":\"Portada\",\"item\":\"https:\/\/www.itaipbc.org.mx\/itaipBC-2019\/\"},{\"@type\":\"ListItem\",\"position\":2,\"name\":\"CONTACTO\"}]},{\"@type\":\"WebSite\",\"@id\":\"https:\/\/www.itaipbc.org.mx\/itaipBC-2019\/#website\",\"url\":\"https:\/\/www.itaipbc.org.mx\/itaipBC-2019\/\",\"name\":\"ItaipBC\",\"description\":\"\",\"publisher\":{\"@id\":\"https:\/\/www.itaipbc.org.mx\/itaipBC-2019\/#organization\"},\"potentialAction\":[{\"@type\":\"SearchAction\",\"target\":{\"@type\":\"EntryPoint\",\"urlTemplate\":\"https:\/\/www.itaipbc.org.mx\/itaipBC-2019\/?s={search_term_string}\"},\"query-input\":{\"@type\":\"PropertyValueSpecification\",\"valueRequired\":true,\"valueName\":\"search_term_string\"}}],\"inLanguage\":\"es\"},{\"@type\":\"Organization\",\"@id\":\"https:\/\/www.itaipbc.org.mx\/itaipBC-2019\/#organization\",\"name\":\"Instituto de Transparencia Baja California\",\"url\":\"https:\/\/www.itaipbc.org.mx\/itaipBC-2019\/\",\"logo\":{\"@type\":\"ImageObject\",\"inLanguage\":\"es\",\"@id\":\"https:\/\/www.itaipbc.org.mx\/itaipBC-2019\/#\/schema\/logo\/image\/\",\"url\":\"http:\/\/www.itaipbc.org.mx\/itaipBC-2019\/wp-content\/uploads\/2020\/01\/ITAIPBC-Completo.png\",\"contentUrl\":\"http:\/\/www.itaipbc.org.mx\/itaipBC-2019\/wp-content\/uploads\/2020\/01\/ITAIPBC-Completo.png\",\"width\":750,\"height\":174,\"caption\":\"Instituto de Transparencia Baja California\"},\"image\":{\"@id\":\"https:\/\/www.itaipbc.org.mx\/itaipBC-2019\/#\/schema\/logo\/image\/\"}}]}<\/script>\n<!-- \/ Yoast SEO plugin. -->","yoast_head_json":{"title":"CONTACTO - ItaipBC","robots":{"index":"index","follow":"follow","max-snippet":"max-snippet:-1","max-image-preview":"max-image-preview:large","max-video-preview":"max-video-preview:-1"},"canonical":"https:\/\/www.itaipbc.org.mx\/itaipBC-2019\/contacto\/","og_locale":"es_ES","og_type":"article","og_title":"CONTACTO - ItaipBC","og_description":"[vc_row full_width=&#8221;stretch_row_content&#8221;][vc_column width=&#8221;1\/2&#8243;][vc_raw_html]JTNDY2VudGVyJTNFJTNDaWZyYW1lJTIwc3JjJTNEJTIyaHR0cHMlM0ElMkYlMkZ3d3cuZ29vZ2xlLmNvbSUyRm1hcHMlMkZlbWJlZCUzRnBiJTNEJTIxMW0xOCUyMTFtMTIlMjExbTMlMjExZDcwNi4xODQ0MDU1MjE5ODMyJTIxMmQtMTE1LjQ2NDIwODQ2NjUxNjU0JTIxM2QzMi42NTQxNzI3MDE1Nzg4NSUyMTJtMyUyMTFmMCUyMTJmMCUyMTNmMCUyMTNtMiUyMTFpMTAyNCUyMTJpNzY4JTIxNGYxMy4xJTIxM20zJTIxMW0yJTIxMXMweDgwZDc3YTgzNzkwZTU4ODUlMjUzQTB4MzhhMDBlODNhZjU4ODQ0MiUyMTJzSW5zdGl0dXRvJTI1MjBkZSUyNTIwVHJhbnNwYXJlbmNpYSUyNTJDJTI1MjBBY2Nlc28lMjUyMGElMjUyMGxhJTI1MjBJbmZvcm1hY2klMjVDMyUyNUIzbiUyNTIwUCUyNUMzJTI1QkFibGljYSUyNTIweSUyNTIwUHJvdGVjY2klMjVDMyUyNUIzbiUyNTIwZGUlMjUyMERhdG9zJTI1MjBQZXJzb25hbGVzJTI1MjBkZWwlMjUyMEVzdGFkbyUyNTIwJTI4SVRBSVAlMjklMjE1ZTAlMjEzbTIlMjExc2VzLTQxOSUyMTJzbXglMjE0djE2NzUxOTA5MDIwMTYlMjE1bTIlMjExc2VzLTQxOSUyMTJzbXglMjIlMjB3aWR0aCUzRCUyMjYwMCUyMiUyMGhlaWdodCUzRCUyMjQ1MCUyMiUyMHN0eWxlJTNEJTIyYm9yZGVyJTNBMCUzQiUyMiUyMGFsbG93ZnVsbHNjcmVlbiUzRCUyMiUyMiUyMGxvYWRpbmclM0QlMjJsYXp5JTIyJTIwcmVmZXJyZXJwb2xpY3klM0QlMjJuby1yZWZlcnJlci13aGVuLWRvd25ncmFkZSUyMiUzRSUzQyUyRmlmcmFtZSUzRSUzQyUyRmNlbnRlciUzRQ==[\/vc_raw_html][\/vc_column][vc_column width=&#8221;1\/2&#8243;][vc_raw_html]JTNDY2VudGVyJTNFJTNDaWZyYW1lJTIwc3JjJTNEJTIyaHR0cHMlM0ElMkYlMkZ3d3cuZ29vZ2xlLmNvbSUyRm1hcHMlMkZlbWJlZCUzRnBiJTNEJTIxMW0xOCUyMTFtMTIlMjExbTMlMjExZDMxNzUuMjc2OTM0NTMyNTElMjEyZC0xMTcuMDE3NTkwNzkzOTkzNTUlMjEzZDMyLjUyMzc4MDI2NTk2NzkzJTIxMm0zJTIxMWYwJTIxMmYwJTIxM2YwJTIxM20yJTIxMWkxMDI0JTIxMmk3NjglMjE0ZjEzLjElMjEzbTMlMjExbTIlMjExczB4ODBkOTQ4MDBkYWU4MmQxOSUyNTNBMHg3M2ZiN2NjNzI0NTgzNGZhJTIxMnNJbnN0aXR1dG8lMjUyMGRlJTI1MjBUcmFuc3BhcmVuY2lhJTI1MkMlMjUyMEFjY2VzbyUyNTIwYSUyNTIwbGElMjUyMEluZm9ybWFjaSUyNUMzJTI1QjNuJTI1MjBQJTI1QzMlMjVCQWJsaWNhJTI1MjB5JTI1MjBQcm90ZWNjaSUyNUMzJTI1QjNuJTI1MjBkZSUyNTIwRGF0b3MlMjUyMFBlcnNvbmFsZXMlMjUyMGRlbCUyNTIwRXN0YWRvJTI1MjBkZSUyNTIwQmFqYSUyNTIwQ2FsaWZvcm5pYSUyNTIwJTI4RGVsZWdhY2klMjVDMyUyNUIzbiUyNTIwVGlqdWFuYSUyOSUyMTVlMCUyMTNtMiUyMTFzZXMtNDE5JTIxMnNteCUyMTR2MTY3NTE5MDUwNTc3MSUyMTVtMiUyMTFzZXMtNDE5JTIxMnNteCUyMiUyMHdpZHRoJTNEJTIyNjAwJTIyJTIwaGVpZ2h0JTNEJTIyNDUwJTIyJTIwc3R5bGUlM0QlMjJib3JkZXIlM0EwJTNCJTIyJTIwYWxsb3dmdWxsc2NyZWVuJTNEJTIyJTIyJTIwbG9hZGluZyUzRCUyMmxhenklMjIlMjByZWZlcnJlcnBvbGljeSUzRCUyMm5vLXJlZmVycmVyLXdoZW4tZG93bmdyYWRlJTIyJTNFJTNDJTJGaWZyYW1lJTNFJTNDJTJGY2VudGVyJTNF[\/vc_raw_html][\/vc_column][\/vc_row][vc_row][vc_column width=&#8221;1\/4&#8243;][vc_empty_space][vc_column_text] DIRECCI\u00d3N: Avenida Carpinteros y Calle H, Numero 1598, Colonia Industrial C.P. 21010, Mexicali Baja California. N\u00daMERO TELEF\u00d3NICO: (686) 5586220 &nbsp; [\/vc_column_text][\/vc_column][vc_column width=&#8221;1\/2&#8243;][\/vc_column][vc_column width=&#8221;1\/4&#8243;][vc_empty_space][vc_column_text] DIRECCI\u00d3N: Calle Rufino Tamayo Numero 9970 Locales 2 y 3, Zona R\u00edo, C.P. 22320 Tijuana Baja California. N\u00daMERO TELEF\u00d3NICO: (664) 6211305 &nbsp; [\/vc_column_text][\/vc_column][\/vc_row][vc_row el_class=&#8221;contact_us&#8221; css=&#8221;.vc_custom_1555479716565{margin-bottom: 5.2em !important;}&#8221;][vc_column [&hellip;]","og_url":"https:\/\/www.itaipbc.org.mx\/itaipBC-2019\/contacto\/","og_site_name":"ItaipBC","article_modified_time":"2023-01-31T18:51:43+00:00","twitter_card":"summary_large_image","twitter_misc":{"Tiempo de lectura":"1 minuto"},"schema":{"@context":"https:\/\/schema.org","@graph":[{"@type":"WebPage","@id":"https:\/\/www.itaipbc.org.mx\/itaipBC-2019\/contacto\/","url":"https:\/\/www.itaipbc.org.mx\/itaipBC-2019\/contacto\/","name":"CONTACTO - ItaipBC","isPartOf":{"@id":"https:\/\/www.itaipbc.org.mx\/itaipBC-2019\/#website"},"datePublished":"2016-01-15T14:19:34+00:00","dateModified":"2023-01-31T18:51:43+00:00","breadcrumb":{"@id":"https:\/\/www.itaipbc.org.mx\/itaipBC-2019\/contacto\/#breadcrumb"},"inLanguage":"es","potentialAction":[{"@type":"ReadAction","target":["https:\/\/www.itaipbc.org.mx\/itaipBC-2019\/contacto\/"]}]},{"@type":"BreadcrumbList","@id":"https:\/\/www.itaipbc.org.mx\/itaipBC-2019\/contacto\/#breadcrumb","itemListElement":[{"@type":"ListItem","position":1,"name":"Portada","item":"https:\/\/www.itaipbc.org.mx\/itaipBC-2019\/"},{"@type":"ListItem","position":2,"name":"CONTACTO"}]},{"@type":"WebSite","@id":"https:\/\/www.itaipbc.org.mx\/itaipBC-2019\/#website","url":"https:\/\/www.itaipbc.org.mx\/itaipBC-2019\/","name":"ItaipBC","description":"","publisher":{"@id":"https:\/\/www.itaipbc.org.mx\/itaipBC-2019\/#organization"},"potentialAction":[{"@type":"SearchAction","target":{"@type":"EntryPoint","urlTemplate":"https:\/\/www.itaipbc.org.mx\/itaipBC-2019\/?s={search_term_string}"},"query-input":{"@type":"PropertyValueSpecification","valueRequired":true,"valueName":"search_term_string"}}],"inLanguage":"es"},{"@type":"Organization","@id":"https:\/\/www.itaipbc.org.mx\/itaipBC-2019\/#organization","name":"Instituto de Transparencia Baja California","url":"https:\/\/www.itaipbc.org.mx\/itaipBC-2019\/","logo":{"@type":"ImageObject","inLanguage":"es","@id":"https:\/\/www.itaipbc.org.mx\/itaipBC-2019\/#\/schema\/logo\/image\/","url":"http:\/\/www.itaipbc.org.mx\/itaipBC-2019\/wp-content\/uploads\/2020\/01\/ITAIPBC-Completo.png","contentUrl":"http:\/\/www.itaipbc.org.mx\/itaipBC-2019\/wp-content\/uploads\/2020\/01\/ITAIPBC-Completo.png","width":750,"height":174,"caption":"Instituto de Transparencia Baja California"},"image":{"@id":"https:\/\/www.itaipbc.org.mx\/itaipBC-2019\/#\/schema\/logo\/image\/"}}]}},"_links":{"self":[{"href":"https:\/\/www.itaipbc.org.mx\/itaipBC-2019\/wp-json\/wp\/v2\/pages\/116","targetHints":{"allow":["GET"]}}],"collection":[{"href":"https:\/\/www.itaipbc.org.mx\/itaipBC-2019\/wp-json\/wp\/v2\/pages"}],"about":[{"href":"https:\/\/www.itaipbc.org.mx\/itaipBC-2019\/wp-json\/wp\/v2\/types\/page"}],"author":[{"embeddable":true,"href":"https:\/\/www.itaipbc.org.mx\/itaipBC-2019\/wp-json\/wp\/v2\/users\/8"}],"replies":[{"embeddable":true,"href":"https:\/\/www.itaipbc.org.mx\/itaipBC-2019\/wp-json\/wp\/v2\/comments?post=116"}],"version-history":[{"count":7,"href":"https:\/\/www.itaipbc.org.mx\/itaipBC-2019\/wp-json\/wp\/v2\/pages\/116\/revisions"}],"predecessor-version":[{"id":9660,"href":"https:\/\/www.itaipbc.org.mx\/itaipBC-2019\/wp-json\/wp\/v2\/pages\/116\/revisions\/9660"}],"wp:attachment":[{"href":"https:\/\/www.itaipbc.org.mx\/itaipBC-2019\/wp-json\/wp\/v2\/media?parent=116"}],"curies":[{"name":"wp","href":"https:\/\/api.w.org\/{rel}","templated":true}]}}