{"id":1065,"date":"2019-12-19T17:20:44","date_gmt":"2019-12-20T01:20:44","guid":{"rendered":"https:\/\/itaipbc.marketerogeek.com\/?page_id=1065"},"modified":"2022-07-06T21:15:59","modified_gmt":"2022-07-07T04:15:59","slug":"mision-y-vision","status":"publish","type":"page","link":"https:\/\/www.itaipbc.org.mx\/itaipBC-2019\/mision-y-vision\/","title":{"rendered":"MISI\u00d3N Y VISI\u00d3N"},"content":{"rendered":"<p>[vc_section][vc_row content_placement=&#8221;top&#8221;][vc_column][vc_column_text css=&#8221;.vc_custom_1657167115536{margin-top: 50px !important;margin-bottom: 25px !important;}&#8221;]<\/p>\n<h1 style=\"padding-left: 40px; text-align: center;\">Misi\u00f3n y Visi\u00f3n<\/h1>\n<p>[\/vc_column_text][vc_separator color=&#8221;custom&#8221; border_width=&#8221;3&#8243; el_width=&#8221;20&#8243; accent_color=&#8221;#059b97&#8243; css=&#8221;.vc_custom_1657167075400{margin-bottom: 25px !important;}&#8221;][\/vc_column][\/vc_row][vc_row css=&#8221;.vc_custom_1580510424154{margin-top: 10px !important;margin-bottom: 30px !important;}&#8221;][vc_column width=&#8221;1\/2&#8243;][\/vc_column][vc_column width=&#8221;1\/2&#8243;][vc_single_image image=&#8221;7828&#8243; img_size=&#8221;450&#215;154&#8243;][\/vc_column][\/vc_row][\/vc_section][vc_row css=&#8221;.vc_custom_1576809480147{padding-bottom: 50px !important;}&#8221;][vc_column width=&#8221;1\/2&#8243;][vc_column_text]<\/p>\n<h1 style=\"padding-left: 40px;\">Misi\u00f3n<\/h1>\n<p>Transparentar la gesti\u00f3n p\u00fablica a trav\u00e9s de garantizar, promover y difundir el ejercicio del derecho a acceso a la informaci\u00f3n p\u00fablica, la rendici\u00f3n de cuentas y protecci\u00f3n de los datos personales en poder del gobierno.[\/vc_column_text][\/vc_column][vc_column width=&#8221;1\/2&#8243;][vc_column_text]<\/p>\n<h1 style=\"padding-left: 40px;\">Visi\u00f3n<\/h1>\n<p>Lograr que Baja California sea un modelo de referencia a nivel nacional en cultura de transparencia, acceso a la informaci\u00f3n p\u00fablica y protecci\u00f3n de datos personales.[\/vc_column_text][\/vc_column][\/vc_row][vc_row][vc_column][vc_empty_space height=&#8221;70px&#8221;][\/vc_column][\/vc_row][vc_section full_width=&#8221;stretch_row&#8221; css=&#8221;.vc_custom_1580577688135{padding-bottom: 100px !important;background-color: #bd3284 !important;}&#8221;][vc_row][vc_column]<h2 class=\"sc_title sc_title_regular sc_align_center\" style=\"text-align:center;color:#f7f7f7;\"><\/p>\n<h2 class=\"header center\" style=\"text-align: center;\"><span style=\"color: #f7f7f7;\">OBJETIVO:<\/span><\/h2>\n<p><\/h2>[vc_row_inner content_placement=&#8221;middle&#8221; enable_first_overlay=&#8221;true&#8221; first_overlay_opacity=&#8221;25&#8243; first_background_color=&#8221;#9e0b65&#8243;][vc_column_inner width=&#8221;1\/2&#8243;][vc_column_text css=&#8221;.vc_custom_1608165171118{padding-left: 20px !important;}&#8221;]<\/p>\n<p class=\"parrafo\"><span style=\"color: #ffffff;\">Asegurar el cumplimiento de la ley por parte de los sujetos obligados<\/span><\/p>\n<p class=\"parrafo\"><span style=\"color: #ffffff;\">Resolver los procedimientos de recursos de revisi\u00f3n y de denuncia<\/span><\/p>\n<p>[\/vc_column_text][vc_column_text css=&#8221;.vc_custom_1608165226012{padding-left: 20px !important;}&#8221;]<\/p>\n<p class=\"parrafo\"><span style=\"color: #ffffff;\">Garantizar el acceso a la informaci\u00f3n p\u00fablica<\/span><\/p>\n<p class=\"parrafo\"><span style=\"color: #ffffff;\">Proteger los datos personales<\/span><\/p>\n<p class=\"parrafo\"><span style=\"color: #ffffff;\">Fomentar la cultura de la transparencia<\/span><\/p>\n<p>[\/vc_column_text][\/vc_column_inner][vc_column_inner width=&#8221;1\/2&#8243; css=&#8221;.vc_custom_1580578011844{padding-top: 25px !important;}&#8221;][vc_single_image image=&#8221;7842&#8243; img_size=&#8221;400&#215;300&#8243;][\/vc_column_inner][\/vc_row_inner][\/vc_column][\/vc_row][\/vc_section][vc_row][vc_column][vc_empty_space height=&#8221;80px&#8221;][\/vc_column][\/vc_row]<\/p>\n","protected":false},"excerpt":{"rendered":"<p>[vc_section][vc_row content_placement=&#8221;top&#8221;][vc_column][vc_column_text css=&#8221;.vc_custom_1657167115536{margin-top: 50px !important;margin-bottom: 25px !important;}&#8221;] Misi\u00f3n y Visi\u00f3n [\/vc_column_text][vc_separator color=&#8221;custom&#8221; border_width=&#8221;3&#8243; el_width=&#8221;20&#8243; accent_color=&#8221;#059b97&#8243; css=&#8221;.vc_custom_1657167075400{margin-bottom: 25px !important;}&#8221;][\/vc_column][\/vc_row][vc_row css=&#8221;.vc_custom_1580510424154{margin-top: 10px !important;margin-bottom: 30px !important;}&#8221;][vc_column width=&#8221;1\/2&#8243;][\/vc_column][vc_column width=&#8221;1\/2&#8243;][vc_single_image image=&#8221;7828&#8243; img_size=&#8221;450&#215;154&#8243;][\/vc_column][\/vc_row][\/vc_section][vc_row css=&#8221;.vc_custom_1576809480147{padding-bottom: 50px !important;}&#8221;][vc_column width=&#8221;1\/2&#8243;][vc_column_text] Misi\u00f3n Transparentar la gesti\u00f3n p\u00fablica a trav\u00e9s de garantizar, promover y difundir el ejercicio del derecho a acceso a la informaci\u00f3n p\u00fablica, la rendici\u00f3n [&hellip;]<\/p>\n","protected":false},"author":8,"featured_media":0,"parent":0,"menu_order":0,"comment_status":"closed","ping_status":"closed","template":"","meta":{"footnotes":""},"class_list":["post-1065","page","type-page","status-publish","hentry"],"yoast_head":"<!-- This site is optimized with the Yoast SEO plugin v26.5 - https:\/\/yoast.com\/wordpress\/plugins\/seo\/ -->\n<title>MISI\u00d3N Y VISI\u00d3N - ItaipBC<\/title>\n<meta name=\"robots\" content=\"index, follow, max-snippet:-1, max-image-preview:large, max-video-preview:-1\" \/>\n<link rel=\"canonical\" href=\"https:\/\/www.itaipbc.org.mx\/itaipBC-2019\/mision-y-vision\/\" \/>\n<meta property=\"og:locale\" content=\"es_ES\" \/>\n<meta property=\"og:type\" content=\"article\" \/>\n<meta property=\"og:title\" content=\"MISI\u00d3N Y VISI\u00d3N - ItaipBC\" \/>\n<meta property=\"og:description\" content=\"[vc_section][vc_row content_placement=&#8221;top&#8221;][vc_column][vc_column_text css=&#8221;.vc_custom_1657167115536{margin-top: 50px !important;margin-bottom: 25px !important;}&#8221;] Misi\u00f3n y Visi\u00f3n [\/vc_column_text][vc_separator color=&#8221;custom&#8221; border_width=&#8221;3&#8243; el_width=&#8221;20&#8243; accent_color=&#8221;#059b97&#8243; css=&#8221;.vc_custom_1657167075400{margin-bottom: 25px !important;}&#8221;][\/vc_column][\/vc_row][vc_row css=&#8221;.vc_custom_1580510424154{margin-top: 10px !important;margin-bottom: 30px !important;}&#8221;][vc_column width=&#8221;1\/2&#8243;][\/vc_column][vc_column width=&#8221;1\/2&#8243;][vc_single_image image=&#8221;7828&#8243; img_size=&#8221;450&#215;154&#8243;][\/vc_column][\/vc_row][\/vc_section][vc_row css=&#8221;.vc_custom_1576809480147{padding-bottom: 50px !important;}&#8221;][vc_column width=&#8221;1\/2&#8243;][vc_column_text] Misi\u00f3n Transparentar la gesti\u00f3n p\u00fablica a trav\u00e9s de garantizar, promover y difundir el ejercicio del derecho a acceso a la informaci\u00f3n p\u00fablica, la rendici\u00f3n [&hellip;]\" \/>\n<meta property=\"og:url\" content=\"https:\/\/www.itaipbc.org.mx\/itaipBC-2019\/mision-y-vision\/\" \/>\n<meta property=\"og:site_name\" content=\"ItaipBC\" \/>\n<meta property=\"article:modified_time\" content=\"2022-07-07T04:15:59+00:00\" \/>\n<meta name=\"twitter:card\" content=\"summary_large_image\" \/>\n<meta name=\"twitter:label1\" content=\"Tiempo de lectura\" \/>\n\t<meta name=\"twitter:data1\" content=\"1 minuto\" \/>\n<script type=\"application\/ld+json\" class=\"yoast-schema-graph\">{\"@context\":\"https:\/\/schema.org\",\"@graph\":[{\"@type\":\"WebPage\",\"@id\":\"https:\/\/www.itaipbc.org.mx\/itaipBC-2019\/mision-y-vision\/\",\"url\":\"https:\/\/www.itaipbc.org.mx\/itaipBC-2019\/mision-y-vision\/\",\"name\":\"MISI\u00d3N Y VISI\u00d3N - ItaipBC\",\"isPartOf\":{\"@id\":\"https:\/\/www.itaipbc.org.mx\/itaipBC-2019\/#website\"},\"datePublished\":\"2019-12-20T01:20:44+00:00\",\"dateModified\":\"2022-07-07T04:15:59+00:00\",\"breadcrumb\":{\"@id\":\"https:\/\/www.itaipbc.org.mx\/itaipBC-2019\/mision-y-vision\/#breadcrumb\"},\"inLanguage\":\"es\",\"potentialAction\":[{\"@type\":\"ReadAction\",\"target\":[\"https:\/\/www.itaipbc.org.mx\/itaipBC-2019\/mision-y-vision\/\"]}]},{\"@type\":\"BreadcrumbList\",\"@id\":\"https:\/\/www.itaipbc.org.mx\/itaipBC-2019\/mision-y-vision\/#breadcrumb\",\"itemListElement\":[{\"@type\":\"ListItem\",\"position\":1,\"name\":\"Portada\",\"item\":\"https:\/\/www.itaipbc.org.mx\/itaipBC-2019\/\"},{\"@type\":\"ListItem\",\"position\":2,\"name\":\"MISI\u00d3N Y VISI\u00d3N\"}]},{\"@type\":\"WebSite\",\"@id\":\"https:\/\/www.itaipbc.org.mx\/itaipBC-2019\/#website\",\"url\":\"https:\/\/www.itaipbc.org.mx\/itaipBC-2019\/\",\"name\":\"ItaipBC\",\"description\":\"\",\"publisher\":{\"@id\":\"https:\/\/www.itaipbc.org.mx\/itaipBC-2019\/#organization\"},\"potentialAction\":[{\"@type\":\"SearchAction\",\"target\":{\"@type\":\"EntryPoint\",\"urlTemplate\":\"https:\/\/www.itaipbc.org.mx\/itaipBC-2019\/?s={search_term_string}\"},\"query-input\":{\"@type\":\"PropertyValueSpecification\",\"valueRequired\":true,\"valueName\":\"search_term_string\"}}],\"inLanguage\":\"es\"},{\"@type\":\"Organization\",\"@id\":\"https:\/\/www.itaipbc.org.mx\/itaipBC-2019\/#organization\",\"name\":\"Instituto de Transparencia Baja California\",\"url\":\"https:\/\/www.itaipbc.org.mx\/itaipBC-2019\/\",\"logo\":{\"@type\":\"ImageObject\",\"inLanguage\":\"es\",\"@id\":\"https:\/\/www.itaipbc.org.mx\/itaipBC-2019\/#\/schema\/logo\/image\/\",\"url\":\"http:\/\/www.itaipbc.org.mx\/itaipBC-2019\/wp-content\/uploads\/2020\/01\/ITAIPBC-Completo.png\",\"contentUrl\":\"http:\/\/www.itaipbc.org.mx\/itaipBC-2019\/wp-content\/uploads\/2020\/01\/ITAIPBC-Completo.png\",\"width\":750,\"height\":174,\"caption\":\"Instituto de Transparencia Baja California\"},\"image\":{\"@id\":\"https:\/\/www.itaipbc.org.mx\/itaipBC-2019\/#\/schema\/logo\/image\/\"}}]}<\/script>\n<!-- \/ Yoast SEO plugin. -->","yoast_head_json":{"title":"MISI\u00d3N Y VISI\u00d3N - ItaipBC","robots":{"index":"index","follow":"follow","max-snippet":"max-snippet:-1","max-image-preview":"max-image-preview:large","max-video-preview":"max-video-preview:-1"},"canonical":"https:\/\/www.itaipbc.org.mx\/itaipBC-2019\/mision-y-vision\/","og_locale":"es_ES","og_type":"article","og_title":"MISI\u00d3N Y VISI\u00d3N - ItaipBC","og_description":"[vc_section][vc_row content_placement=&#8221;top&#8221;][vc_column][vc_column_text css=&#8221;.vc_custom_1657167115536{margin-top: 50px !important;margin-bottom: 25px !important;}&#8221;] Misi\u00f3n y Visi\u00f3n [\/vc_column_text][vc_separator color=&#8221;custom&#8221; border_width=&#8221;3&#8243; el_width=&#8221;20&#8243; accent_color=&#8221;#059b97&#8243; css=&#8221;.vc_custom_1657167075400{margin-bottom: 25px !important;}&#8221;][\/vc_column][\/vc_row][vc_row css=&#8221;.vc_custom_1580510424154{margin-top: 10px !important;margin-bottom: 30px !important;}&#8221;][vc_column width=&#8221;1\/2&#8243;][\/vc_column][vc_column width=&#8221;1\/2&#8243;][vc_single_image image=&#8221;7828&#8243; img_size=&#8221;450&#215;154&#8243;][\/vc_column][\/vc_row][\/vc_section][vc_row css=&#8221;.vc_custom_1576809480147{padding-bottom: 50px !important;}&#8221;][vc_column width=&#8221;1\/2&#8243;][vc_column_text] Misi\u00f3n Transparentar la gesti\u00f3n p\u00fablica a trav\u00e9s de garantizar, promover y difundir el ejercicio del derecho a acceso a la informaci\u00f3n p\u00fablica, la rendici\u00f3n [&hellip;]","og_url":"https:\/\/www.itaipbc.org.mx\/itaipBC-2019\/mision-y-vision\/","og_site_name":"ItaipBC","article_modified_time":"2022-07-07T04:15:59+00:00","twitter_card":"summary_large_image","twitter_misc":{"Tiempo de lectura":"1 minuto"},"schema":{"@context":"https:\/\/schema.org","@graph":[{"@type":"WebPage","@id":"https:\/\/www.itaipbc.org.mx\/itaipBC-2019\/mision-y-vision\/","url":"https:\/\/www.itaipbc.org.mx\/itaipBC-2019\/mision-y-vision\/","name":"MISI\u00d3N Y VISI\u00d3N - ItaipBC","isPartOf":{"@id":"https:\/\/www.itaipbc.org.mx\/itaipBC-2019\/#website"},"datePublished":"2019-12-20T01:20:44+00:00","dateModified":"2022-07-07T04:15:59+00:00","breadcrumb":{"@id":"https:\/\/www.itaipbc.org.mx\/itaipBC-2019\/mision-y-vision\/#breadcrumb"},"inLanguage":"es","potentialAction":[{"@type":"ReadAction","target":["https:\/\/www.itaipbc.org.mx\/itaipBC-2019\/mision-y-vision\/"]}]},{"@type":"BreadcrumbList","@id":"https:\/\/www.itaipbc.org.mx\/itaipBC-2019\/mision-y-vision\/#breadcrumb","itemListElement":[{"@type":"ListItem","position":1,"name":"Portada","item":"https:\/\/www.itaipbc.org.mx\/itaipBC-2019\/"},{"@type":"ListItem","position":2,"name":"MISI\u00d3N Y VISI\u00d3N"}]},{"@type":"WebSite","@id":"https:\/\/www.itaipbc.org.mx\/itaipBC-2019\/#website","url":"https:\/\/www.itaipbc.org.mx\/itaipBC-2019\/","name":"ItaipBC","description":"","publisher":{"@id":"https:\/\/www.itaipbc.org.mx\/itaipBC-2019\/#organization"},"potentialAction":[{"@type":"SearchAction","target":{"@type":"EntryPoint","urlTemplate":"https:\/\/www.itaipbc.org.mx\/itaipBC-2019\/?s={search_term_string}"},"query-input":{"@type":"PropertyValueSpecification","valueRequired":true,"valueName":"search_term_string"}}],"inLanguage":"es"},{"@type":"Organization","@id":"https:\/\/www.itaipbc.org.mx\/itaipBC-2019\/#organization","name":"Instituto de Transparencia Baja California","url":"https:\/\/www.itaipbc.org.mx\/itaipBC-2019\/","logo":{"@type":"ImageObject","inLanguage":"es","@id":"https:\/\/www.itaipbc.org.mx\/itaipBC-2019\/#\/schema\/logo\/image\/","url":"http:\/\/www.itaipbc.org.mx\/itaipBC-2019\/wp-content\/uploads\/2020\/01\/ITAIPBC-Completo.png","contentUrl":"http:\/\/www.itaipbc.org.mx\/itaipBC-2019\/wp-content\/uploads\/2020\/01\/ITAIPBC-Completo.png","width":750,"height":174,"caption":"Instituto de Transparencia Baja California"},"image":{"@id":"https:\/\/www.itaipbc.org.mx\/itaipBC-2019\/#\/schema\/logo\/image\/"}}]}},"_links":{"self":[{"href":"https:\/\/www.itaipbc.org.mx\/itaipBC-2019\/wp-json\/wp\/v2\/pages\/1065","targetHints":{"allow":["GET"]}}],"collection":[{"href":"https:\/\/www.itaipbc.org.mx\/itaipBC-2019\/wp-json\/wp\/v2\/pages"}],"about":[{"href":"https:\/\/www.itaipbc.org.mx\/itaipBC-2019\/wp-json\/wp\/v2\/types\/page"}],"author":[{"embeddable":true,"href":"https:\/\/www.itaipbc.org.mx\/itaipBC-2019\/wp-json\/wp\/v2\/users\/8"}],"replies":[{"embeddable":true,"href":"https:\/\/www.itaipbc.org.mx\/itaipBC-2019\/wp-json\/wp\/v2\/comments?post=1065"}],"version-history":[{"count":10,"href":"https:\/\/www.itaipbc.org.mx\/itaipBC-2019\/wp-json\/wp\/v2\/pages\/1065\/revisions"}],"predecessor-version":[{"id":7843,"href":"https:\/\/www.itaipbc.org.mx\/itaipBC-2019\/wp-json\/wp\/v2\/pages\/1065\/revisions\/7843"}],"wp:attachment":[{"href":"https:\/\/www.itaipbc.org.mx\/itaipBC-2019\/wp-json\/wp\/v2\/media?parent=1065"}],"curies":[{"name":"wp","href":"https:\/\/api.w.org\/{rel}","templated":true}]}}